{"id":5282,"date":"2024-11-04T10:09:00","date_gmt":"2024-11-04T10:09:00","guid":{"rendered":"https:\/\/pawcoingame.ai\/whitepaper\/"},"modified":"2024-11-05T08:28:24","modified_gmt":"2024-11-05T08:28:24","slug":"whitepaper","status":"publish","type":"page","link":"https:\/\/pawcoingame.ai\/de\/whitepaper\/","title":{"rendered":"Whitepaper"},"content":{"rendered":"\t\t<div data-elementor-type=\"wp-page\" data-elementor-id=\"5282\" class=\"elementor elementor-5282 elementor-5267\">\n\t\t\t\t<div class=\"elementor-element elementor-element-f9899bd e-flex e-con-boxed e-con e-parent\" data-id=\"f9899bd\" data-element_type=\"container\" data-e-type=\"container\">\n\t\t\t\t\t<div class=\"e-con-inner\">\n\t\t\t\t<div class=\"elementor-element elementor-element-e35b966 elementor-widget__width-initial elementor-widget elementor-widget-heading\" data-id=\"e35b966\" data-element_type=\"widget\" data-e-type=\"widget\" data-widget_type=\"heading.default\">\n\t\t\t\t<div class=\"elementor-widget-container\">\n\t\t\t\t\t<h1 class=\"elementor-heading-title elementor-size-default\">PawCoin: Whitepaper<\/h1>\t\t\t\t<\/div>\n\t\t\t\t<\/div>\n\t\t\t\t<div class=\"elementor-element elementor-element-9ef50f8 elementor-widget__width-initial elementor-widget elementor-widget-text-editor\" data-id=\"9ef50f8\" data-element_type=\"widget\" data-e-type=\"widget\" data-widget_type=\"text-editor.default\">\n\t\t\t\t<div class=\"elementor-widget-container\">\n\t\t\t\t\t\t\t\t\t<h2>1. Zusammenfassung<\/h2>\nPawCoin ist ein Blockchain-basiertes Haustier-Sammel- und Kampfspiel, das vom Pok\u00e9mon-Konzept inspiriert ist. Es erm\u00f6glicht Benutzern, einzigartige, KI-generierte Haustiere in einem dynamischen und ansprechenden \u00d6kosystem zu sammeln, weiterzuentwickeln, zu tauschen und gegen sie zu k\u00e4mpfen. Mit seiner Tokenomics, NFT-basierten Assets und einem Burn-Mechanismus zielt PawCoin darauf ab, ein deflation\u00e4res Modell zu schaffen, das aktive Teilnahme, strategische Investitionen und langfristiges Community-Wachstum f\u00f6rdert.\n\nDas Spiel bietet 155 einzigartige Haustiere in unterschiedlichen Seltenheitsstufen, die sich jeweils durch vier Stufen entwickeln, um m\u00e4chtiger und wertvoller zu werden. Spieler k\u00f6nnen diese Haustiere durch Token-K\u00e4ufe erwerben, an K\u00e4mpfen teilnehmen, um sie aufzuleveln, und sie auf einem\n\nCommunity-gesteuerten Marktplatz tauschen. Durch die Nutzung der Blockchain-Technologie f\u00f6rdert PawCoin Transparenz, Fairness und Eigentum und ist damit ein potenzieller Anw\u00e4rter auf Kultstatus im Blockchain-Gaming-Sektor.\n\nPawCoin versucht auch, <strong>wohlt\u00e4tige Beitr\u00e4ge <\/strong> in seinen Kern zu integrieren und arbeitet mit <strong>Tierschutzorganisationen <\/strong> weltweit zusammen. Ein Teil der Einnahmen aus Marktplatzgeb\u00fchren und Sonderveranstaltungen wird an Tierheime und Initiativen zum Schutz der Tierwelt gespendet. Diese Integration stellt sicher, dass die PawCoin-Community nicht nur ein lohnendes Spielerlebnis genie\u00dft, sondern auch zu positiven Ver\u00e4nderungen in der realen Welt beitr\u00e4gt.\n<h2>2. Einf\u00fchrung<\/h2>\nPawCoin verbindet Blockchain-Technologie mit dem Genre der Sammelspiele, um ein nachhaltiges und ansprechendes \u00d6kosystem f\u00fcr Investoren und Spieler zu schaffen. Inspiriert von beliebten Sammelspielen wie Pok\u00e9mon f\u00fchrt PawCoin prozedural generierte Haustiere mit einzigartigen Eigenschaften und Seltenheitsstufen ein. Diese Haustiere k\u00f6nnen sich im Laufe des Spiels weiterentwickeln und st\u00e4rker werden, wodurch ihr Wert und ihre Seltenheit steigen.\n\nPawCoin ist nicht nur ein Spiel, sondern ein umfassendes Community-Projekt, das auf langfristiges Wachstum abzielt. Der Schwerpunkt liegt auf dem Aufbau einer treuen Spielerbasis, der Steigerung des Marktwerts durch Knappheit und dem Anbieten greifbarer Belohnungen sowohl f\u00fcr Early Adopters als auch f\u00fcr aktive Teilnehmer. Dar\u00fcber hinaus m\u00f6chte <strong>PawCoin eine Kraft f\u00fcr das Gute sein<\/strong>, indem es einen Teil seiner Einnahmen zur Unterst\u00fctzung von <strong>Tierschutzorganisationen<\/strong> und zum <strong>Wohlergehen von Haus- und Wildtieren<\/strong> verwendet.\n<h2>3. Tokenomics<\/h2>\nPawCoin verf\u00fcgt \u00fcber einen festen Gesamtvorrat von <strong>1.000.000.000 PawCoin (PAW)<\/strong>-Tokens mit einem sorgf\u00e4ltig strukturierten Verteilungsplan, um langfristige Nachhaltigkeit und Community-Belohnungen zu gew\u00e4hrleisten:\n<ul>\n \t<li><strong>20 % Marketing &amp; Treasury<\/strong><\/li>\n \t<li><strong>10 % Team<\/strong><\/li>\n \t<li><strong>10 % Gr\u00fcndersitzverkauf<\/strong><\/li>\n \t<li><strong>25 % Vorverkauf<\/strong><\/li>\n \t<li><strong>25 % Liquidit\u00e4t<\/strong><\/li>\n \t<li><strong>10 % Token Burn-Reserve<\/strong><\/li>\n<\/ul>\n<h3>3.1. Gr\u00fcndersitzverkauf<\/h3>\nVor dem offiziellen Vorverkauf veranstaltet PawCoin einen <strong>Gr\u00fcndersitzverkauf<\/strong>, um fr\u00fche Unterst\u00fctzer zu belohnen. Dieser Verkauf ist auf die ersten <strong>5.555 Investoren<\/strong> beschr\u00e4nkt, die mindestens <strong>2.500 USDT<\/strong> beitragen. Diese Investoren erhalten <strong>Gr\u00fcndersitze<\/strong> und reservieren 10 % des gesamten Tokenangebots f\u00fcr ihren exklusiven Nutzen. Jeder Einzelne kann maximal f\u00fcnf Sitze halten.\n\nDas Halten eines Founder Seat garantiert Vorteile vom langfristigen Erfolg des Projekts, unabh\u00e4ngig von zuk\u00fcnftigen Investitionen. Um Founder Seat-Token zu erhalten, m\u00fcssen die Teilnehmer jedoch auch einen entsprechenden Betrag in den Vorverkauf investieren und diese Token mindestens drei Monate lang halten. Nach dieser Sperrfrist werden Founder Seat-Token freigegeben und die Investoren k\u00f6nnen sowohl ihre Vorverkaufs- als auch ihre Founder Seat-Token handeln, verkaufen oder behalten.\n<h3>3.2. Vorverkaufsstrategie<\/h3>\nDer Vorverkauf wird in mehreren Phasen durchgef\u00fchrt, wobei die Preise steigen, um fr\u00fche Investoren zu belohnen. Das anf\u00e4ngliche Ziel besteht darin, <strong>30 Millionen USDT<\/strong> aufzubringen. Sobald diese Obergrenze erreicht ist, hat das Projekt die M\u00f6glichkeit, die Vorverkaufsobergrenze auf <strong>75 Millionen USDT <\/strong> und anschlie\u00dfend auf <strong>125 Millionen USDT <\/strong> zu erh\u00f6hen, wenn dies f\u00fcr das Wachstum des Projekts als vorteilhaft erachtet wird.\n<h3>3.3. Burn-Mechanismus<\/h3>\nJede Haustierentwicklung erfordert ein <strong>PawCoin-Token-Burn<\/strong>, wodurch das Gesamtangebot reduziert und der Wert sowohl der Token als auch der weiterentwickelten Haustiere erh\u00f6ht wird. Dieser deflation\u00e4re Mechanismus stellt sicher, dass die allgemeine Tokenknappheit zunimmt, je mehr Spieler sich mit der Plattform besch\u00e4ftigen, was den Marktwert in die H\u00f6he treibt.\n<h3>3.4. Wohlt\u00e4tige Beitr\u00e4ge<\/h3>\nPawCoin ist bestrebt, durch Partnerschaften mit <strong>Tierschutzorganisationen<\/strong>auf der ganzen Welt einen positiven sozialen Einfluss zu erzielen. Ein Teil der Einnahmen aus den <strong>Marktplatzgeb\u00fchren, besonderen In-Game-Events und Mystery-Box-Verk\u00e4ufen<\/strong> wird Tierheimen und <strong>wohlt\u00e4tigen Spenden f\u00fcr den Artenschutz<\/strong> zugewiesen. Dadurch wird sichergestellt, dass PawCoin nicht nur seinen Inhabern einen Mehrwert bietet, sondern auch der realen Haustier-Community etwas zur\u00fcckgibt und Zwecke unterst\u00fctzt, die mit seinem Thema und seiner Vision \u00fcbereinstimmen.\n<h2>4. Spielmechanik<\/h2>\n<h3>4.1. Haustiersammlung und Evolution<\/h3>\nPawCoin f\u00fchrt <strong>155 einzigartige Haustiere<\/strong> ein, die in <strong>f\u00fcnf Seltenheitsstufen<\/strong> kategorisiert sind:\n<ul>\n \t<li><strong>Gew\u00f6hnlich (C)<\/strong>: 50 Haustiere<\/li>\n \t<li><strong>Ungew\u00f6hnlich (UC)<\/strong>: 40 Haustiere<\/li>\n \t<li><strong>Selten (R)<\/strong>: 30 Haustiere<\/li>\n \t<li><strong>Episch (E)<\/strong>: 20 Haustiere<\/li>\n \t<li><strong>Legend\u00e4r (L)<\/strong>: 15 Haustiere<\/li>\n<\/ul>\nJedes Haustier hat einzigartige Eigenschaften, St\u00e4rken und F\u00e4higkeiten, was sie zu wertvollen Aktivposten im \u00d6kosystem des Spiels macht. Haustiere k\u00f6nnen sich <strong>durch vier Stufen weiterentwickeln<\/strong>, indem sie PawCoins verbrennen, was ihre F\u00e4higkeiten verbessert und ihr Aussehen ver\u00e4ndert.\n<h3>4.2. Haustiere verdienen und erwerben<\/h3>\nSpieler k\u00f6nnen Haustiere auf verschiedene Weise erwerben:\n<ol>\n \t<li><strong>Gr\u00fcnder- und Vorverkaufsboni<\/strong>: Die ersten <strong>7.777 Inhaber <\/strong>, die mindestens <strong>150 USDT <\/strong>investieren, erhalten ein <strong>kostenloses PawPet<\/strong>. Diese zuf\u00e4llige Verteilung sorgt f\u00fcr Fairness und bietet die Chance, Haustiere jeder Seltenheitsstufe zu erhalten.<\/li>\n \t<li><strong>\u00dcberraschungsboxen<\/strong>: Die im PawCoin-Marktplatz erh\u00e4ltlichen \u00dcberraschungsboxen enthalten zuf\u00e4llig ausgew\u00e4hlte Haustiere unterschiedlicher Seltenheit.<\/li>\n \t<li><strong>Herausforderungen und K\u00e4mpfe<\/strong>: Verdiene neue Haustiere, indem du Herausforderungen im Spiel abschlie\u00dft oder in der <strong>Paw-Arena<\/strong> gegen andere PawCoin-Inhaber k\u00e4mpfst.<\/li>\n<\/ol>\n<h3>4.3.Marktplatzhandel<\/h3>\nAlle Haustiere sind als <strong>NFTs<\/strong> auf dem PawCoin-Marktplatz handelbar. Spieler k\u00f6nnen ihre Haustiere kaufen, verkaufen oder tauschen und so eine lebendige Wirtschaft schaffen, die von Angebot und Nachfrage angetrieben wird.\n<h3>4.4. Paw-Arena<\/h3>\nDie <strong>Paw-Arena<\/strong> erm\u00f6glicht es Spielern, gegeneinander anzutreten und PawCoins f\u00fcr kompetitive K\u00e4mpfe einzusetzen. Das Gewinnen von K\u00e4mpfen erh\u00f6ht die Erfahrung der Haustiere, sodass sie sich schneller entwickeln und wertvoller werden.\n<h2>5. Empfehlungsprogramm<\/h2>\nPawCoin implementiert eine <strong>mehrstufige Empfehlungsstrategie<\/strong>, um das Wachstum und die Investitionen der Community zu f\u00f6rdern. Das Empfehlungssystem funktioniert folgenderma\u00dfen:\n<ul>\n \t<li><strong>Stufe 1<\/strong>: Direkte Empfehlungen bringen <strong>10\u00a0% <\/strong> der Empfehlung ein<\/li>\n \t<li><strong>Stufe 2<\/strong>: Indirekte Empfehlungen (zweite Stufe) bringen <strong>5\u00a0%<\/strong> ein.<\/li>\n \t<li><strong>Stufe 3<\/strong>: Indirekte Empfehlungen (dritte Stufe) bringen <strong>1\u00a0%<\/strong> ein.<\/li>\n<\/ul>\nDiese Struktur belohnt aktive Community-Mitglieder und schafft Anreize, PawCoin bekannter zu machen.\n<h2>6.Roadmap<\/h2>\nDie Entwicklung von PawCoin ist in f\u00fcnf Hauptphasen gegliedert:\n<h3>Phase 1:<\/h3>\n<ul>\n \t<li>PawCoin starten<\/li>\n \t<li><strong>Gr\u00fcndersitzverkauf starten<\/strong>, um Kern-Community aufzubauen<\/li>\n<\/ul>\n<h3>Phase 2:<\/h3>\n<ul>\n \t<li><strong>Vorverkauf<\/strong> \u00fcber mehrere Phasen f\u00f6rdern, um anf\u00e4nglich <strong>30 Millionen USDT<\/strong> aufzubringen.<\/li>\n<\/ul>\n<h3>Phase 3:<\/h3>\n<ul>\n \t<li>Anf\u00e4ngliches Backend entwickeln<\/li>\n \t<li>Partnerschaften mit gro\u00dfen Gaming-Unternehmen aufbauen<\/li>\n \t<li>Eine robuste Community durch Marketing f\u00f6rdern und<\/li>\n<\/ul>\n<h3>Phase 4:<\/h3>\n<ul>\n \t<li>PawCoin sowohl auf <strong>dezentralisierten (DEX) <\/strong>und <strong>zentralisiert (CEX) <\/strong><\/li>\n \t<li>Starten Sie eine umfassende globale Marketingkampagne<\/li>\n<\/ul>\n<h3>Phase 5:<\/h3>\n<ul>\n \t<li>Entwickeln und ver\u00f6ffentlichen Sie eine <strong>AR\/VR-Interaktionsanwendung<\/strong>.<\/li>\n \t<li>Sichern Sie sich eine <strong>Top-25-Position auf CoinMarketCap<\/strong>.<\/li>\n \t<li>Streben Sie nach globaler Anerkennung und Mainstream<\/li>\n<\/ul>\n<h2>7. Fazit<\/h2>\nPawCoin ist mehr als nur ein Token \u2013 es ist ein \u00d6kosystem, das Gaming, Investitionen und Community-Aufbau kombiniert. Durch die Nutzung der Blockchain-Technologie bietet PawCoin Transparenz, Fairness und das Potenzial f\u00fcr erhebliche Renditen. Mit seinen einzigartigen Haustieren, dem spannenden Gameplay und einem robusten Token-Burn-Mechanismus ist PawCoin bereit, ein Marktf\u00fchrer in der Blockchain-Gaming-Branche zu werden.\n\nDar\u00fcber hinaus stellt PawCoins Engagement f\u00fcr <strong>wohlt\u00e4tige Spenden<\/strong> sicher, dass jeder Teilnehmer auch zum <strong>Tierschutz und zum Schutz der Tierwelt<\/strong> beitr\u00e4gt, wodurch das Projekt sowohl finanziellen als auch sozialen Wert bietet. Durch Partnerschaften mit angesehenen Tierschutzorganisationen m\u00f6chte PawCoin eine positive Kraft in der breiteren Haustiergemeinschaft sein und neben Spielspa\u00df auch ethische Verantwortung f\u00f6rdern.\n\n<strong>Haftungsausschluss<\/strong>: Dieses Dokument ist nur f\u00fcr den internen Gebrauch bestimmt und sollte nicht au\u00dferhalb des Teams weitergegeben werden. Alle Informationen sind vertraulich und sollen die strategische Planung und Umsetzung der Entwicklung von PawCoin unterst\u00fctzen.\t\t\t\t\t\t\t\t<\/div>\n\t\t\t\t<\/div>\n\t\t\t\t\t<\/div>\n\t\t\t\t<\/div>\n\t\t\t\t<\/div>\n\t\t","protected":false},"excerpt":{"rendered":"<p>PawCoin: Whitepaper 1. Zusammenfassung PawCoin ist ein Blockchain-basiertes Haustier-Sammel- und Kampfspiel, das vom Pok\u00e9mon-Konzept inspiriert ist. Es erm\u00f6glicht Benutzern, einzigartige, KI-generierte Haustiere in einem dynamischen und ansprechenden \u00d6kosystem zu sammeln, weiterzuentwickeln, zu tauschen und gegen sie zu k\u00e4mpfen. Mit seiner Tokenomics, NFT-basierten Assets und einem Burn-Mechanismus zielt PawCoin darauf ab, ein deflation\u00e4res Modell zu schaffen, [&hellip;]<\/p>\n","protected":false},"author":1,"featured_media":0,"parent":0,"menu_order":0,"comment_status":"closed","ping_status":"closed","template":"elementor_header_footer","meta":{"footnotes":""},"class_list":["post-5282","page","type-page","status-publish","hentry"],"_links":{"self":[{"href":"https:\/\/pawcoingame.ai\/de\/wp-json\/wp\/v2\/pages\/5282","targetHints":{"allow":["GET"]}}],"collection":[{"href":"https:\/\/pawcoingame.ai\/de\/wp-json\/wp\/v2\/pages"}],"about":[{"href":"https:\/\/pawcoingame.ai\/de\/wp-json\/wp\/v2\/types\/page"}],"author":[{"embeddable":true,"href":"https:\/\/pawcoingame.ai\/de\/wp-json\/wp\/v2\/users\/1"}],"replies":[{"embeddable":true,"href":"https:\/\/pawcoingame.ai\/de\/wp-json\/wp\/v2\/comments?post=5282"}],"version-history":[{"count":13,"href":"https:\/\/pawcoingame.ai\/de\/wp-json\/wp\/v2\/pages\/5282\/revisions"}],"predecessor-version":[{"id":5447,"href":"https:\/\/pawcoingame.ai\/de\/wp-json\/wp\/v2\/pages\/5282\/revisions\/5447"}],"wp:attachment":[{"href":"https:\/\/pawcoingame.ai\/de\/wp-json\/wp\/v2\/media?parent=5282"}],"curies":[{"name":"wp","href":"https:\/\/api.w.org\/{rel}","templated":true}]}}