{"id":5279,"date":"2024-11-04T10:09:00","date_gmt":"2024-11-04T10:09:00","guid":{"rendered":"https:\/\/pawcoingame.ai\/libro-blanco\/"},"modified":"2024-11-05T08:27:56","modified_gmt":"2024-11-05T08:27:56","slug":"libro-blanco","status":"publish","type":"page","link":"https:\/\/pawcoingame.ai\/es\/libro-blanco\/","title":{"rendered":"Libro Blanco"},"content":{"rendered":"\t\t<div data-elementor-type=\"wp-page\" data-elementor-id=\"5279\" class=\"elementor elementor-5279 elementor-5267\">\n\t\t\t\t<div class=\"elementor-element elementor-element-f9899bd e-flex e-con-boxed e-con e-parent\" data-id=\"f9899bd\" data-element_type=\"container\" data-e-type=\"container\">\n\t\t\t\t\t<div class=\"e-con-inner\">\n\t\t\t\t<div class=\"elementor-element elementor-element-e35b966 elementor-widget__width-initial elementor-widget elementor-widget-heading\" data-id=\"e35b966\" data-element_type=\"widget\" data-e-type=\"widget\" data-widget_type=\"heading.default\">\n\t\t\t\t<div class=\"elementor-widget-container\">\n\t\t\t\t\t<h1 class=\"elementor-heading-title elementor-size-default\">PawCoin: Libro blanco<\/h1>\t\t\t\t<\/div>\n\t\t\t\t<\/div>\n\t\t\t\t<div class=\"elementor-element elementor-element-9ef50f8 elementor-widget__width-initial elementor-widget elementor-widget-text-editor\" data-id=\"9ef50f8\" data-element_type=\"widget\" data-e-type=\"widget\" data-widget_type=\"text-editor.default\">\n\t\t\t\t<div class=\"elementor-widget-container\">\n\t\t\t\t\t\t\t\t\t<h2>1. Resumen<\/h2>\nPawCoin es un juego de colecci\u00f3n y lucha de mascotas basado en blockchain e inspirado en el concepto Pok\u00e9mon. Permite a los usuarios coleccionar, evolucionar, intercambiar y luchar contra mascotas \u00fanicas generadas por IA a trav\u00e9s de un ecosistema din\u00e1mico y atractivo. Con su token\u00f3mica, activos basados en NFT y un mecanismo de quemado, PawCoin pretende crear un modelo deflacionario que fomente la participaci\u00f3n activa, la inversi\u00f3n estrat\u00e9gica y el crecimiento de la comunidad a largo plazo.\n\nEl juego cuenta con 155 mascotas \u00fanicas de distintos niveles de rareza, cada una de las cuales evoluciona a trav\u00e9s de cuatro etapas para hacerse m\u00e1s poderosa y valiosa. Los jugadores pueden adquirir estas mascotas a trav\u00e9s de la compra de fichas, participar en batallas para subirlas de nivel e intercambiarlas en un mercado.\n\nmercado impulsado por la comunidad. Al aprovechar la tecnolog\u00eda blockchain, PawCoin fomenta la transparencia, la equidad y la propiedad, lo que lo convierte en un posible aspirante al estatus de culto dentro del sector del juego blockchain.\n\nPawCoin tambi\u00e9n pretende integrar <strong>las contribuciones ben\u00e9ficas <\/strong>en su n\u00facleo, asoci\u00e1ndose con <strong>organizaciones de bienestar animal <\/strong>de todo el mundo. Una parte de la recaudaci\u00f3n de las cuotas del mercado y de los eventos especiales se donar\u00e1 a refugios de animales e iniciativas de conservaci\u00f3n de la vida salvaje. Esta integraci\u00f3n garantiza que la comunidad PawCoin no s\u00f3lo disfrute de una experiencia de juego gratificante, sino que tambi\u00e9n contribuya a un cambio positivo en el mundo real.\n<h2>2. Introducci\u00f3n<\/h2>\nPawCoin fusiona la tecnolog\u00eda blockchain con el g\u00e9nero de los juegos coleccionables para crear un ecosistema sostenible y atractivo tanto para los inversores como para los jugadores. Inspirado en populares juegos coleccionables como Pok\u00e9mon, PawCoin introduce mascotas generadas procedimentalmente con atributos \u00fanicos y niveles de rareza. Estas mascotas pueden evolucionar y hacerse m\u00e1s fuertes a trav\u00e9s del juego, aumentando su valor y escasez.\n\nPawCoin no es s\u00f3lo un juego, sino un proyecto comunitario integral orientado al crecimiento a largo plazo. El objetivo es crear una base de jugadores leales, impulsar el valor de mercado a trav\u00e9s de la escasez y ofrecer recompensas tangibles tanto a los primeros en adoptarlo como a los participantes activos. Adem\u00e1s, <strong>PawCoin pretende ser una fuerza del bien <\/strong>utilizando parte de sus ingresos para apoyar <strong>a organizaciones ben\u00e9ficas de animales <\/strong>y contribuir al <strong>bienestar de las mascotas y la fauna salvaje<\/strong>.\n<h2>3. Tokenomics<\/h2>\nPawCoin tiene un suministro total fijo de <strong>1.000.000.000 <\/strong>fichas <strong>PawCoin (PAW) <\/strong>, con un plan de distribuci\u00f3n cuidadosamente estructurado para garantizar la sostenibilidad a largo plazo y las recompensas de la comunidad:\n<ul>\n \t<li><strong>20% Marketing y Tesorer\u00eda<\/strong><\/li>\n \t<li><strong>10% Equipo<\/strong><\/li>\n \t<li><strong>10% de descuento para fundadores<\/strong><\/li>\n \t<li><strong>25% Preventa<\/strong><\/li>\n \t<li><strong>25% Liquidez<\/strong><\/li>\n \t<li><strong>10% Ficha Quema-Reserva<\/strong><\/li>\n<\/ul>\n<h3>3.1. Founder Seat Sale<\/h3>\nAntes de la preventa oficial, PawCoin organizar\u00e1 una <strong>Venta de Asientos de Fundador <\/strong>para recompensar a los primeros seguidores. Esta venta est\u00e1 limitada a los primeros <strong>5.555 inversores <\/strong>que aporten un m\u00ednimo de <strong>2.500 USDT<\/strong>. Estos inversores recibir\u00e1n <strong>Asientos de Fundador<\/strong>, reservando el 10% del suministro total de tokens para su beneficio exclusivo. Cada persona puede tener un m\u00e1ximo de cinco asientos.\n\nPoseer un Asiento de Fundador garantiza los beneficios del \u00e9xito a largo plazo del proyecto, independientemente de futuras inversiones. Sin embargo, para recibir fichas de Asiento de Fundador, los participantes tambi\u00e9n deben invertir una cantidad equivalente en la preventa y mantener estas fichas durante al menos tres meses. Despu\u00e9s de este periodo de bloqueo, los tokens del Asiento de Fundador se liberar\u00e1n, y los inversores son libres de intercambiar, vender o conservar tanto sus tokens de preventa como los del Asiento de Fundador.\n<h3>3.2. Presale Strategy<\/h3>\nLa preventa se llevar\u00e1 a cabo en varias etapas, con precios crecientes para recompensar a los primeros inversores. El objetivo inicial es recaudar <strong>30 millones de USDT<\/strong>. Una vez alcanzado este tope, el proyecto tiene la opci\u00f3n de aumentar el tope de preventa a <strong>75 millones de USDT <\/strong>y, posteriormente, a <strong>125 millones de USDT <\/strong>si se considera beneficioso para el crecimiento del proyecto.\n<h3>3.3. Burn Mechanism<\/h3>\nCada evoluci\u00f3n de una mascota requiere la <strong>quema de un token PawCoin<\/strong>, lo que reduce la oferta total y aumenta el valor tanto de los tokens como de las mascotas evolucionadas. Este mecanismo deflacionista garantiza que, a medida que m\u00e1s jugadores participen en la plataforma, aumente la escasez total de fichas, haciendo subir el valor del mercado.\n<h3>3.4. Charitable Contributions<\/h3>\nPawCoin se compromete a tener un impacto social positivo asoci\u00e1ndose con <strong>organizaciones protectoras de animales <\/strong>de todo el mundo. Una parte de los ingresos generados por <strong>las cuotas del mercado, los eventos especiales del juego y las ventas de cajas misteriosas <\/strong>se destinar\u00e1 a refugios de animales y <strong>donaciones ben\u00e9ficas para la conservaci\u00f3n de la vida salvaje<\/strong>. Esto garantiza que PawCoin no s\u00f3lo proporcione valor a sus poseedores, sino que tambi\u00e9n retribuya a la comunidad de mascotas del mundo real, apoyando causas alineadas con su tema y visi\u00f3n.\n<h2>4. Mec\u00e1nica de juego<\/h2>\n<h3>4.1. Pet Collection and Evolution<\/h3>\nPawCoin presenta <strong>155 mascotas \u00fanicas <\/strong>clasificadas en <strong>cinco niveles de rareza<\/strong>:\n<ul>\n \t<li><strong>Com\u00fan (C)<\/strong>: 50 mascotas<\/li>\n \t<li><strong>Poco com\u00fan (UC)<\/strong>: 40 mascotas<\/li>\n \t<li><strong>Raro (R)<\/strong>: 30 mascotas<\/li>\n \t<li><strong>\u00c9pica (E)<\/strong>: 20 mascotas<\/li>\n \t<li><strong>Legendario (L)<\/strong>: 15 mascotas<\/li>\n<\/ul>\nCada mascota tiene atributos, puntos fuertes y habilidades \u00fanicos, lo que las convierte en valiosos activos dentro del ecosistema del juego. Las mascotas pueden <strong>evolucionar a trav\u00e9s de cuatro etapas <\/strong>quemando PawCoins, lo que mejora sus habilidades y cambia su aspecto visual.\n<h3>4.2. Earning and Acquiring Pets<\/h3>\nLos jugadores pueden adquirir mascotas de varias formas:\n<ol>\n \t<li><strong>Bonificaciones de Fundador y Preventa<\/strong>: Los primeros <strong>7.777 titulares <\/strong>que inviertan un m\u00ednimo de <strong>150 USDT <\/strong>recibir\u00e1n una <strong>PawPet gratis<\/strong>. Esta distribuci\u00f3n aleatoria garantiza la equidad, con la posibilidad de obtener mascotas de cualquier nivel de rareza.<\/li>\n \t<li><strong>Cajas<\/strong> misteriosas: Disponibles en el Mercado PawCoin, las cajas misteriosas contienen mascotas aleatorias de distinta rareza.<\/li>\n \t<li><strong>Desaf\u00edos y batallas<\/strong>: Gana nuevas mascotas completando desaf\u00edos en el juego o luchando contra otros poseedores de PawCoin en <strong>la Paw-Arena<\/strong>.<\/li>\n<\/ol>\n<h3>4.3. Marketplace Trading<\/h3>\nTodas las mascotas pueden intercambiarse como <strong>NFT <\/strong>en el Mercado PawCoin. Los jugadores pueden comprar, vender o intercambiar sus mascotas, creando una econom\u00eda vibrante impulsada por la oferta y la demanda.\n<h3>4.4. Paw-Arena<\/h3>\n<strong>La Paw-Arena <\/strong>permite a los jugadores competir entre s\u00ed, apostando PawCoins por batallas competitivas. Ganar batallas aumenta la experiencia de las mascotas, permiti\u00e9ndoles evolucionar m\u00e1s r\u00e1pido y volverse m\u00e1s valiosas.\n<h2>5. Programa de remisi\u00f3n<\/h2>\nPawCoin aplica una <strong>estrategia de recomendaci\u00f3n a varios niveles <\/strong>para fomentar el crecimiento y la inversi\u00f3n de la comunidad. El sistema de recomendaci\u00f3n funciona de la siguiente manera:\n<ul>\n \t<li><strong>Nivel 1<\/strong>: Los referidos directos ganan el <strong>10% <\/strong>de lo referido<\/li>\n \t<li><strong>Nivel 2<\/strong>: Las referencias indirectas (segundo nivel) ganan <strong>un 5%<\/strong>.<\/li>\n \t<li><strong>Nivel 3<\/strong>: Las referencias indirectas (tercer nivel) ganan <strong>un 1%<\/strong>.<\/li>\n<\/ul>\nEsta estructura recompensa a los miembros activos de la comunidad e incentiva la difusi\u00f3n de PawCoin.\n<h2>6. Hoja de ruta<\/h2>\nEl desarrollo de PawCoin est\u00e1 estructurado en cinco fases clave:\n<h3>Fase 1:<\/h3>\n<ul>\n \t<li>Pon en marcha el PawCoin<\/li>\n \t<li>Comenzar la <strong>venta de asientos de fundadores <\/strong>para establecer el n\u00facleo de la comunidad<\/li>\n<\/ul>\n<h3>Fase 2:<\/h3>\n<ul>\n \t<li>Promueve la <strong>preventa <\/strong>en varias fases para recaudar <strong>30 millones de USDT<\/strong> iniciales.<\/li>\n<\/ul>\n<h3>Fase 3:<\/h3>\n<ul>\n \t<li>Desarrollar el backend inicial<\/li>\n \t<li>Establecer asociaciones con los principales juegos de azar<\/li>\n \t<li>Fomentar una comunidad s\u00f3lida a trav\u00e9s del marketing y<\/li>\n<\/ul>\n<h3>Fase 4:<\/h3>\n<ul>\n \t<li>Lista PawCoin tanto en <strong>descentralizado (DEX) <\/strong>como <strong>centralizado (CEX) <\/strong><\/li>\n \t<li>Lanzar una gran campa\u00f1a de marketing global<\/li>\n<\/ul>\n<h3>Fase 5:<\/h3>\n<ul>\n \t<li>Desarrollar y lanzar una <strong>aplicaci\u00f3n de interacci\u00f3n AR\/VR<\/strong>.<\/li>\n \t<li>Aseg\u00farate una <strong>posici\u00f3n entre los 25 primeros en CoinMarketCap<\/strong>.<\/li>\n \t<li>Aspirar al reconocimiento mundial y a la integraci\u00f3n<\/li>\n<\/ul>\n<h2>7. Conclusi\u00f3n<\/h2>\nPawCoin es algo m\u00e1s que un token: es un ecosistema que combina el juego, la inversi\u00f3n y la creaci\u00f3n de comunidades. Al aprovechar la tecnolog\u00eda de cadena de bloques, PawCoin ofrece transparencia, equidad y la posibilidad de obtener importantes beneficios. Con sus mascotas \u00fanicas, su atractivo modo de juego y un s\u00f3lido mecanismo de quema de fichas, PawCoin est\u00e1 preparado para convertirse en l\u00edder del sector de los juegos con blockchain.\n\nAdem\u00e1s, el compromiso de PawCoin con <strong>las donaciones ben\u00e9ficas <\/strong>garantiza que cada participante contribuya tambi\u00e9n al <strong>bienestar de los animales y a <\/strong>los esfuerzos de <strong>conservaci\u00f3n de la vida salvaje <\/strong>, convirti\u00e9ndolo en un proyecto que proporciona valor tanto financiero como social. Mediante asociaciones con organizaciones ben\u00e9ficas de animales de renombre, PawCoin pretende ser una fuerza positiva en la comunidad de mascotas en general, promoviendo la responsabilidad \u00e9tica junto con la emoci\u00f3n del juego.\n\n<strong>Descargo de responsabilidad<\/strong>: Este documento es s\u00f3lo para uso interno y no debe compartirse fuera del equipo. Toda la informaci\u00f3n es confidencial y est\u00e1 destinada a guiar la planificaci\u00f3n estrat\u00e9gica y la ejecuci\u00f3n del desarrollo de PawCoin.\t\t\t\t\t\t\t\t<\/div>\n\t\t\t\t<\/div>\n\t\t\t\t\t<\/div>\n\t\t\t\t<\/div>\n\t\t\t\t<\/div>\n\t\t","protected":false},"excerpt":{"rendered":"<p>PawCoin: Libro blanco 1. Resumen PawCoin es un juego de colecci\u00f3n y lucha de mascotas basado en blockchain e inspirado en el concepto Pok\u00e9mon. Permite a los usuarios coleccionar, evolucionar, intercambiar y luchar contra mascotas \u00fanicas generadas por IA a trav\u00e9s de un ecosistema din\u00e1mico y atractivo. Con su token\u00f3mica, activos basados en NFT y [&hellip;]<\/p>\n","protected":false},"author":1,"featured_media":0,"parent":0,"menu_order":0,"comment_status":"closed","ping_status":"closed","template":"elementor_header_footer","meta":{"footnotes":""},"class_list":["post-5279","page","type-page","status-publish","hentry"],"_links":{"self":[{"href":"https:\/\/pawcoingame.ai\/es\/wp-json\/wp\/v2\/pages\/5279","targetHints":{"allow":["GET"]}}],"collection":[{"href":"https:\/\/pawcoingame.ai\/es\/wp-json\/wp\/v2\/pages"}],"about":[{"href":"https:\/\/pawcoingame.ai\/es\/wp-json\/wp\/v2\/types\/page"}],"author":[{"embeddable":true,"href":"https:\/\/pawcoingame.ai\/es\/wp-json\/wp\/v2\/users\/1"}],"replies":[{"embeddable":true,"href":"https:\/\/pawcoingame.ai\/es\/wp-json\/wp\/v2\/comments?post=5279"}],"version-history":[{"count":13,"href":"https:\/\/pawcoingame.ai\/es\/wp-json\/wp\/v2\/pages\/5279\/revisions"}],"predecessor-version":[{"id":5418,"href":"https:\/\/pawcoingame.ai\/es\/wp-json\/wp\/v2\/pages\/5279\/revisions\/5418"}],"wp:attachment":[{"href":"https:\/\/pawcoingame.ai\/es\/wp-json\/wp\/v2\/media?parent=5279"}],"curies":[{"name":"wp","href":"https:\/\/api.w.org\/{rel}","templated":true}]}}