{"id":5281,"date":"2024-11-04T10:09:00","date_gmt":"2024-11-04T10:09:00","guid":{"rendered":"https:\/\/pawcoingame.ai\/whitepaper\/"},"modified":"2024-11-05T08:28:27","modified_gmt":"2024-11-05T08:28:27","slug":"whitepaper","status":"publish","type":"page","link":"https:\/\/pawcoingame.ai\/fr\/whitepaper\/","title":{"rendered":"Livre blanc"},"content":{"rendered":"\t\t<div data-elementor-type=\"wp-page\" data-elementor-id=\"5281\" class=\"elementor elementor-5281 elementor-5267\">\n\t\t\t\t<div class=\"elementor-element elementor-element-f9899bd e-flex e-con-boxed e-con e-parent\" data-id=\"f9899bd\" data-element_type=\"container\" data-e-type=\"container\">\n\t\t\t\t\t<div class=\"e-con-inner\">\n\t\t\t\t<div class=\"elementor-element elementor-element-e35b966 elementor-widget__width-initial elementor-widget elementor-widget-heading\" data-id=\"e35b966\" data-element_type=\"widget\" data-e-type=\"widget\" data-widget_type=\"heading.default\">\n\t\t\t\t<div class=\"elementor-widget-container\">\n\t\t\t\t\t<h1 class=\"elementor-heading-title elementor-size-default\">PawCoin : Livre blanc<\/h1>\t\t\t\t<\/div>\n\t\t\t\t<\/div>\n\t\t\t\t<div class=\"elementor-element elementor-element-9ef50f8 elementor-widget__width-initial elementor-widget elementor-widget-text-editor\" data-id=\"9ef50f8\" data-element_type=\"widget\" data-e-type=\"widget\" data-widget_type=\"text-editor.default\">\n\t\t\t\t<div class=\"elementor-widget-container\">\n\t\t\t\t\t\t\t\t\t<h2>1. R\u00e9sum\u00e9<\/h2>\nPawCoin est un jeu de collection et de combat d&rsquo;animaux de compagnie bas\u00e9 sur la blockchain, inspir\u00e9 du concept Pok\u00e9mon. Il permet aux utilisateurs de collecter, de faire \u00e9voluer, d&rsquo;\u00e9changer et de combattre des animaux de compagnie uniques g\u00e9n\u00e9r\u00e9s par l&rsquo;IA via un \u00e9cosyst\u00e8me dynamique et engageant. Avec sa tokenomics, ses actifs bas\u00e9s sur NFT et un m\u00e9canisme de burn, PawCoin vise \u00e0 cr\u00e9er un mod\u00e8le d\u00e9flationniste qui encourage la participation active, l&rsquo;investissement strat\u00e9gique et la croissance communautaire \u00e0 long terme.\n\nLe jeu propose 155 animaux de compagnie uniques de diff\u00e9rents niveaux de raret\u00e9, chacun \u00e9voluant en quatre \u00e9tapes pour devenir plus puissant et plus pr\u00e9cieux. Les joueurs peuvent acqu\u00e9rir ces animaux de compagnie gr\u00e2ce \u00e0 des achats de jetons, participer \u00e0 des batailles pour les faire monter de niveau et les \u00e9changer sur un\n\nmarch\u00e9 communautaire. En tirant parti de la technologie blockchain, PawCoin favorise la transparence, l&rsquo;\u00e9quit\u00e9 et la propri\u00e9t\u00e9, ce qui en fait un pr\u00e9tendant potentiel au statut de culte dans le secteur des jeux blockchain.\n\nPawCoin cherche \u00e9galement \u00e0 int\u00e9grer les contributions caritatives dans son c\u0153ur de m\u00e9tier, en s&rsquo;associant \u00e0 des organisations de protection des animaux dans le monde entier. Une partie des recettes des frais de march\u00e9 et des \u00e9v\u00e9nements sp\u00e9ciaux sera revers\u00e9e \u00e0 des refuges pour animaux et \u00e0 des initiatives de conservation de la faune. Cette int\u00e9gration garantit que la communaut\u00e9 PawCoin b\u00e9n\u00e9ficie non seulement d&rsquo;une exp\u00e9rience de jeu enrichissante, mais contribue \u00e9galement \u00e0 un changement positif dans le monde r\u00e9el.\n\n2.\u00a0 Introduction\n\nPawCoin fusionne la technologie blockchain avec le genre des jeux de collection pour cr\u00e9er un \u00e9cosyst\u00e8me durable et engageant pour les investisseurs et les joueurs. Inspir\u00e9 par des jeux de collection populaires comme Pok\u00e9mon, PawCoin pr\u00e9sente des animaux de compagnie g\u00e9n\u00e9r\u00e9s de mani\u00e8re proc\u00e9durale avec des attributs et des niveaux de raret\u00e9 uniques. Ces animaux de compagnie peuvent \u00e9voluer et devenir plus forts gr\u00e2ce au jeu, augmentant ainsi leur valeur et leur raret\u00e9.\n\nPawCoin n&rsquo;est pas seulement un jeu, mais un projet communautaire complet visant une croissance \u00e0 long terme. L&rsquo;accent est mis sur la cr\u00e9ation d&rsquo;une base de joueurs fid\u00e8les, la cr\u00e9ation de valeur marchande gr\u00e2ce \u00e0 la raret\u00e9 et l&rsquo;offre de r\u00e9compenses tangibles aux premiers utilisateurs et aux participants actifs. De plus, <strong>PawCoin vise \u00e0 \u00eatre une force du bien<\/strong> en utilisant une partie de ses revenus pour soutenir des <strong>associations caritatives pour animaux<\/strong> et contribuer au <strong>bien-\u00eatre des animaux de compagnie et de la faune<\/strong>.\n<h2>3. Tokenomics<\/h2>\nPawCoin dispose d&rsquo;un approvisionnement total fixe de <strong>1\u00a0000\u00a0000\u00a0000 de jetons PawCoin (PAW)<\/strong>, avec un plan de distribution soigneusement structur\u00e9 pour assurer la durabilit\u00e9 \u00e0 long terme et les r\u00e9compenses communautaires\u00a0:\n<ul>\n \t<li><strong>20\u00a0% de marketing et Tr\u00e9sorerie<\/strong><\/li>\n \t<li><strong>10\u00a0% d&rsquo;\u00e9quipe<\/strong><\/li>\n \t<li><strong>10\u00a0% de vente de si\u00e8ge de fondateur<\/strong><\/li>\n \t<li><strong>25\u00a0% de pr\u00e9vente<\/strong><\/li>\n \t<li><strong>25\u00a0% de liquidit\u00e9<\/strong><\/li>\n \t<li><strong>10\u00a0% de r\u00e9serve de destruction de jetons<\/strong><\/li>\n<\/ul>\n<h3>3.1. Vente de si\u00e8ges fondateurs<\/h3>\nAvant la pr\u00e9vente officielle, PawCoin organisera une <strong>vente de si\u00e8ges fondateurs<\/strong> pour r\u00e9compenser les premiers supporters. Cette vente est limit\u00e9e aux <strong>5\u00a0555\u00a0investisseurs<\/strong> qui contribuent \u00e0 hauteur d&rsquo;au moins <strong>2\u00a0500\u00a0USDT<\/strong>. Ces investisseurs recevront des <strong>si\u00e8ges fondateurs<\/strong>, r\u00e9servant 10\u00a0% de l&rsquo;offre totale de jetons \u00e0 leur b\u00e9n\u00e9fice exclusif. Chaque individu peut d\u00e9tenir un maximum de cinq si\u00e8ges.\n\nD\u00e9tenir un si\u00e8ge fondateur garantit les b\u00e9n\u00e9fices du succ\u00e8s \u00e0 long terme du projet, ind\u00e9pendamment des investissements futurs. Cependant, pour recevoir des jetons de si\u00e8ge fondateur, les participants doivent \u00e9galement investir un montant \u00e9quivalent dans la pr\u00e9vente et conserver ces jetons pendant au moins trois mois. Apr\u00e8s cette p\u00e9riode de blocage, les jetons de si\u00e8ge fondateur seront lib\u00e9r\u00e9s et les investisseurs seront libres d&rsquo;\u00e9changer, de vendre ou de conserver \u00e0 la fois leurs jetons de pr\u00e9vente et de si\u00e8ge fondateur.\n<h3>3.2.Strat\u00e9gie de pr\u00e9vente<\/h3>\nLa pr\u00e9vente se d\u00e9roulera en plusieurs \u00e9tapes, avec des prix en hausse pour r\u00e9compenser les premiers investisseurs. L&rsquo;objectif initial est de lever <strong>30 millions USDT<\/strong>. Une fois ce plafond atteint, le projet a la possibilit\u00e9 d&rsquo;augmenter le plafond de pr\u00e9vente \u00e0 <strong>75 millions USDT<\/strong>, puis \u00e0 <strong>125 millions USDT<\/strong>, si cela est jug\u00e9 b\u00e9n\u00e9fique pour la croissance du projet.\n<h3>3.3. M\u00e9canisme de br\u00fblage<\/h3>\nChaque \u00e9volution d&rsquo;un animal de compagnie n\u00e9cessite un <strong>br\u00fblage de jetons PawCoin<\/strong>, r\u00e9duisant l&rsquo;offre totale et augmentant la valeur des jetons et des animaux de compagnie \u00e9volu\u00e9s. Ce m\u00e9canisme d\u00e9flationniste garantit qu&rsquo;\u00e0 mesure que davantage de joueurs s&rsquo;engagent avec la plateforme, la raret\u00e9 globale des jetons augmente, ce qui fait grimper la valeur marchande.\n<h3>3.4. Contributions caritatives<\/h3>\nPawCoin s&rsquo;engage \u00e0 avoir un impact social positif en s&rsquo;associant \u00e0 des <strong>organisations de protection des animaux<\/strong> du monde entier. Une partie des revenus g\u00e9n\u00e9r\u00e9s par les <strong>frais de march\u00e9, les \u00e9v\u00e9nements sp\u00e9ciaux dans le jeu et les ventes de bo\u00eetes myst\u00e8res<\/strong> sera allou\u00e9e aux refuges pour animaux et aux <strong>dons de bienfaisance pour la conservation de la faune<\/strong>. Cela garantit que PawCoin non seulement offre de la valeur \u00e0 ses d\u00e9tenteurs, mais redonne \u00e9galement \u00e0 la communaut\u00e9 des animaux de compagnie du monde r\u00e9el, en soutenant des causes align\u00e9es sur son th\u00e8me et sa vision.\n<h2>4. M\u00e9canique de jeu<\/h2>\n<h3>4.1.Collection et \u00e9volution d&rsquo;animaux de compagnie<\/h3>\nPawCoin pr\u00e9sente <strong>155 animaux de compagnie uniques<\/strong> class\u00e9s en <strong>cinq niveaux de raret\u00e9<\/strong>\u00a0:\n<ul>\n \t<li><strong>Commun (C)<\/strong>\u00a0: 50 animaux de compagnie<\/li>\n \t<li><strong>Peu commun (UC)<\/strong>\u00a0: 40 animaux de compagnie<\/li>\n \t<li><strong>Rare (R)<\/strong>\u00a0: 30 animaux de compagnie<\/li>\n \t<li><strong>\u00c9pique (E)<\/strong>\u00a0: 20 animaux de compagnie<\/li>\n \t<li><strong>L\u00e9gendaire (L)<\/strong>\u00a0: 15 animaux de compagnie<\/li>\n<\/ul>\nChaque animal de compagnie poss\u00e8de des attributs, des forces et des capacit\u00e9s uniques, ce qui en fait des atouts pr\u00e9cieux au sein de l&rsquo;\u00e9cosyst\u00e8me du jeu. Les animaux de compagnie peuvent <strong>\u00e9voluer \u00e0 travers quatre \u00e9tapes<\/strong> en br\u00fblant des PawCoins, ce qui am\u00e9liore leurs capacit\u00e9s et modifie leur apparence visuelle.\n<h3>4.2. Gagner et acqu\u00e9rir des animaux de compagnie<\/h3>\nLes joueurs peuvent acqu\u00e9rir des animaux de compagnie de plusieurs mani\u00e8res\u00a0:\n<ol>\n \t<li><strong>Bonus de fondateur et de pr\u00e9vente<\/strong>\u00a0: les <strong>7\u00a0777 premiers d\u00e9tenteurs<\/strong> investissant un minimum de <strong>150 USDT<\/strong> recevront un <strong>PawPet gratuit<\/strong>. Cette distribution al\u00e9atoire garantit l&rsquo;\u00e9quit\u00e9, avec une chance d&rsquo;obtenir des animaux de compagnie de n&rsquo;importe quel niveau de raret\u00e9.<\/li>\n \t<li><strong>Bo\u00eetes myst\u00e8res<\/strong>\u00a0: disponibles sur la place de march\u00e9 PawCoin, les bo\u00eetes myst\u00e8res contiennent des animaux de compagnie al\u00e9atoires de raret\u00e9 variable.<\/li>\n \t<li><strong>D\u00e9fis et batailles<\/strong>\u00a0: gagnez de nouveaux animaux de compagnie en relevant des d\u00e9fis dans le jeu ou en affrontant d&rsquo;autres d\u00e9tenteurs de PawCoin dans la <strong>Paw-Arena<\/strong>.<\/li>\n<\/ol>\n<h3>4.3. \u00c9changes sur la place de march\u00e9<\/h3>\nTous les animaux de compagnie sont \u00e9changeables sous forme de <strong>NFT<\/strong> sur la place de march\u00e9 PawCoin. Les joueurs peuvent acheter, vendre ou \u00e9changer leurs animaux de compagnie, cr\u00e9ant ainsi une \u00e9conomie dynamique aliment\u00e9e par l&rsquo;offre et la demande.\n<h3>4.4. Paw-Arena<\/h3>\nLa <strong>Paw-Arena<\/strong> permet aux joueurs de s&rsquo;affronter en misant des PawCoins pour des batailles comp\u00e9titives. Gagner des batailles augmente l&rsquo;exp\u00e9rience des animaux de compagnie, leur permettant d&rsquo;\u00e9voluer plus rapidement et de devenir plus pr\u00e9cieux.\n<h2>5. Programme de parrainage<\/h2>\nPawCoin met en \u0153uvre une <strong>strat\u00e9gie de parrainage \u00e0 plusieurs niveaux<\/strong> pour encourager la croissance et l&rsquo;investissement de la communaut\u00e9. Le syst\u00e8me de parrainage fonctionne comme suit\u00a0:\n<ul>\n \t<li><strong>Niveau 1<\/strong>\u00a0: les filleuls directs gagnent <strong>10\u00a0%<\/strong> des filleuls<\/li>\n \t<li><strong>Niveau 2<\/strong>\u00a0: les filleuls indirects (deuxi\u00e8me niveau) gagnent <strong>5\u00a0%<\/strong>.<\/li>\n \t<li><strong>Niveau 3<\/strong>\u00a0: les filleuls indirects (troisi\u00e8me niveau) gagnent <strong>1\u00a0%<\/strong>.<\/li>\n<\/ul>\nCette structure r\u00e9compense les membres actifs de la communaut\u00e9 et encourage la diffusion de l&rsquo;information sur PawCoin.\n<h2>6.Feuille de route<\/h2>\nLe d\u00e9veloppement de PawCoin est structur\u00e9 en cinq phases cl\u00e9s\u00a0:\n<h3>Phase 1\u00a0:<\/h3>\n<ul>\n \t<li>Lancer PawCoin<\/li>\n \t<li>Commencer la vente des si\u00e8ges fondateurs pour \u00e9tablir une communaut\u00e9 de base<\/li>\n<\/ul>\n<h3>Phase 2\u00a0:<\/h3>\n<ul>\n \t<li>Promouvoir la pr\u00e9vente sur plusieurs \u00e9tapes pour lever un montant initial de <strong>30 millions USDT<\/strong>.<\/li>\n<\/ul>\n<h3>Phase 3\u00a0:<\/h3>\n<ul>\n \t<li>D\u00e9velopper le backend initial<\/li>\n \t<li>\u00c9tablir des partenariats avec les principaux acteurs du jeu<\/li>\n \t<li>Favoriser une communaut\u00e9 solide gr\u00e2ce au marketing et<\/li>\n<\/ul>\n<h3>Phase 4\u00a0:<\/h3>\n<ul>\n \t<li>Inscrire PawCoin sur les deux <strong>d\u00e9centralis\u00e9 (DEX)<\/strong> et <strong>centralis\u00e9 (CEX)<\/strong><\/li>\n \t<li>Lancer un marketing mondial majeur<\/li>\n<\/ul>\n<h3>Phase 5\u00a0:<\/h3>\n<ul>\n \t<li>D\u00e9velopper et publier une <strong>application d&rsquo;interaction AR\/VR<\/strong>.<\/li>\n \t<li>Obtenir une <strong>position dans le top 25 sur CoinMarketCap<\/strong>.<\/li>\n \t<li>Viser une reconnaissance mondiale et une diffusion grand public<\/li>\n<\/ul>\n<h2>7. Conclusion<\/h2>\nPawCoin est plus qu&rsquo;un simple jeton\u00a0: c&rsquo;est un \u00e9cosyst\u00e8me combinant jeu, investissement et d\u00e9veloppement communautaire. En tirant parti de la technologie blockchain, PawCoin offre transparence, \u00e9quit\u00e9 et potentiel de rendements importants. Avec ses animaux de compagnie uniques, son gameplay engageant et un m\u00e9canisme de br\u00fblage de jetons robuste, PawCoin est sur le point de devenir un leader dans l&rsquo;industrie du jeu blockchain.\n\nDe plus, l&rsquo;engagement de PawCoin en mati\u00e8re de dons caritatifs garantit que chaque participant contribue \u00e9galement aux efforts de bien-\u00eatre des animaux et de conservation de la faune sauvage, ce qui en fait un projet qui offre une valeur \u00e0 la fois financi\u00e8re et sociale. Gr\u00e2ce \u00e0 des partenariats avec des associations caritatives r\u00e9put\u00e9es pour la protection des animaux, PawCoin cherche \u00e0 \u00eatre une force positive dans la communaut\u00e9 plus large des animaux de compagnie, en promouvant la responsabilit\u00e9 \u00e9thique ainsi que l&rsquo;excitation du jeu.\n\n<strong>Avis de non-responsabilit\u00e9<\/strong>\u00a0: ce document est destin\u00e9 \u00e0 un usage interne uniquement et ne doit pas \u00eatre partag\u00e9 en dehors de l&rsquo;\u00e9quipe. Toutes les informations sont confidentielles et destin\u00e9es \u00e0 guider la planification strat\u00e9gique et l&rsquo;ex\u00e9cution du d\u00e9veloppement de PawCoin.\t\t\t\t\t\t\t\t<\/div>\n\t\t\t\t<\/div>\n\t\t\t\t\t<\/div>\n\t\t\t\t<\/div>\n\t\t\t\t<\/div>\n\t\t","protected":false},"excerpt":{"rendered":"<p>PawCoin : Livre blanc 1. R\u00e9sum\u00e9 PawCoin est un jeu de collection et de combat d&rsquo;animaux de compagnie bas\u00e9 sur la blockchain, inspir\u00e9 du concept Pok\u00e9mon. Il permet aux utilisateurs de collecter, de faire \u00e9voluer, d&rsquo;\u00e9changer et de combattre des animaux de compagnie uniques g\u00e9n\u00e9r\u00e9s par l&rsquo;IA via un \u00e9cosyst\u00e8me dynamique et engageant. Avec sa [&hellip;]<\/p>\n","protected":false},"author":1,"featured_media":0,"parent":0,"menu_order":0,"comment_status":"closed","ping_status":"closed","template":"elementor_header_footer","meta":{"footnotes":""},"class_list":["post-5281","page","type-page","status-publish","hentry"],"_links":{"self":[{"href":"https:\/\/pawcoingame.ai\/fr\/wp-json\/wp\/v2\/pages\/5281","targetHints":{"allow":["GET"]}}],"collection":[{"href":"https:\/\/pawcoingame.ai\/fr\/wp-json\/wp\/v2\/pages"}],"about":[{"href":"https:\/\/pawcoingame.ai\/fr\/wp-json\/wp\/v2\/types\/page"}],"author":[{"embeddable":true,"href":"https:\/\/pawcoingame.ai\/fr\/wp-json\/wp\/v2\/users\/1"}],"replies":[{"embeddable":true,"href":"https:\/\/pawcoingame.ai\/fr\/wp-json\/wp\/v2\/comments?post=5281"}],"version-history":[{"count":19,"href":"https:\/\/pawcoingame.ai\/fr\/wp-json\/wp\/v2\/pages\/5281\/revisions"}],"predecessor-version":[{"id":5446,"href":"https:\/\/pawcoingame.ai\/fr\/wp-json\/wp\/v2\/pages\/5281\/revisions\/5446"}],"wp:attachment":[{"href":"https:\/\/pawcoingame.ai\/fr\/wp-json\/wp\/v2\/media?parent=5281"}],"curies":[{"name":"wp","href":"https:\/\/api.w.org\/{rel}","templated":true}]}}