{"id":5283,"date":"2024-11-04T10:09:00","date_gmt":"2024-11-04T10:09:00","guid":{"rendered":"https:\/\/pawcoingame.ai\/whitepaper\/"},"modified":"2024-11-05T08:28:20","modified_gmt":"2024-11-05T08:28:20","slug":"whitepaper","status":"publish","type":"page","link":"https:\/\/pawcoingame.ai\/it\/whitepaper\/","title":{"rendered":"Whitepaper"},"content":{"rendered":"\t\t<div data-elementor-type=\"wp-page\" data-elementor-id=\"5283\" class=\"elementor elementor-5283 elementor-5267\">\n\t\t\t\t<div class=\"elementor-element elementor-element-f9899bd e-flex e-con-boxed e-con e-parent\" data-id=\"f9899bd\" data-element_type=\"container\" data-e-type=\"container\">\n\t\t\t\t\t<div class=\"e-con-inner\">\n\t\t\t\t<div class=\"elementor-element elementor-element-e35b966 elementor-widget__width-initial elementor-widget elementor-widget-heading\" data-id=\"e35b966\" data-element_type=\"widget\" data-e-type=\"widget\" data-widget_type=\"heading.default\">\n\t\t\t\t<div class=\"elementor-widget-container\">\n\t\t\t\t\t<h1 class=\"elementor-heading-title elementor-size-default\">PawCoin: Libro bianco<\/h1>\t\t\t\t<\/div>\n\t\t\t\t<\/div>\n\t\t\t\t<div class=\"elementor-element elementor-element-9ef50f8 elementor-widget__width-initial elementor-widget elementor-widget-text-editor\" data-id=\"9ef50f8\" data-element_type=\"widget\" data-e-type=\"widget\" data-widget_type=\"text-editor.default\">\n\t\t\t\t<div class=\"elementor-widget-container\">\n\t\t\t\t\t\t\t\t\t<h2>1. Abstract<\/h2>\nPawCoin \u00e8 un gioco di raccolta e combattimento di animali domestici basato su blockchain ispirato al concetto di Pok\u00e9mon. Consente agli utenti di collezionare, far evolvere, scambiare e combattere animali domestici unici generati dall&#8217;intelligenza artificiale attraverso un ecosistema dinamico e coinvolgente. Con la sua tokenomics, asset basati su NFT e un meccanismo di combustione, PawCoin mira a creare un modello deflazionistico che incoraggia la partecipazione attiva, gli investimenti strategici e la crescita della comunit\u00e0 a lungo termine.\n\nIl gioco presenta 155 animali domestici unici con diversi livelli di rarit\u00e0, ognuno dei quali si evolve attraverso quattro fasi per diventare pi\u00f9 potente e prezioso. I giocatori possono acquisire questi animali domestici tramite acquisti di token, partecipare a battaglie per farli salire di livello e scambiarli in un\n\nmercato guidato dalla comunit\u00e0. Sfruttando la tecnologia blockchain, PawCoin promuove trasparenza, correttezza e propriet\u00e0, rendendolo un potenziale contendente per lo status di culto nel settore dei giochi blockchain.\n\nPawCoin cerca anche di integrare <strong>contributi di beneficenza<\/strong> nel suo nucleo, collaborando con <strong>organizzazioni per il benessere degli animali<\/strong> a livello globale. Una parte dei proventi delle commissioni di mercato e degli eventi speciali verr\u00e0 donata a rifugi per animali e iniziative per la conservazione della fauna selvatica. Questa integrazione garantisce che la comunit\u00e0 PawCoin non solo goda di un&#8217;esperienza di gioco gratificante, ma contribuisca anche a un cambiamento positivo nel mondo reale.\n<h2>2. Introduzione<\/h2>\nPawCoin unisce la tecnologia blockchain al genere dei giochi da collezione per creare un ecosistema sostenibile e coinvolgente sia per gli investitori che per i giocatori. Ispirato ai popolari giochi da collezione come Pok\u00e9mon, PawCoin introduce animali domestici generati proceduralmente con attributi e livelli di rarit\u00e0 unici. Questi animali domestici possono evolversi e diventare pi\u00f9 forti attraverso il gameplay, aumentando il loro valore e la loro scarsit\u00e0.\n\nPawCoin non \u00e8 solo un gioco, ma un progetto comunitario completo mirato alla crescita a lungo termine. L&#8217;obiettivo \u00e8 quello di costruire una base di giocatori fedeli, guidando il valore di mercato attraverso la scarsit\u00e0 e offrendo ricompense tangibili sia per i primi utenti che per i partecipanti attivi. Inoltre, <strong>PawCoin mira a essere una forza per il bene<\/strong>, utilizzando parte dei suoi ricavi per supportare <strong>enti di beneficenza per animali<\/strong> e contribuire al <strong>benessere degli animali domestici e della fauna selvatica<\/strong>.\n<h2>3. Tokenomics<\/h2>\nPawCoin ha una fornitura totale fissa di <strong>1.000.000.000 di token PawCoin (PAW)<\/strong>, con un piano di distribuzione attentamente strutturato per garantire sostenibilit\u00e0 a lungo termine e ricompense per la comunit\u00e0:\n<ul>\n<li><strong>20% Marketing e Treasury<\/strong><\/li>\n<li><strong>Team 10%<\/strong><\/li>\n<li><strong>Vendita Founder-Seat 10%<\/strong><\/li>\n<li><strong>Prevendita 25%<\/strong><\/li>\n<li><strong>Liquidit\u00e0 25%<\/strong><\/li>\n<li><strong>Riserva di Token Burn 10%<\/strong><\/li>\n<\/ul>\n<h3>3.1. Vendita Founder Seat<\/h3>\nPrima della prevendita ufficiale, PawCoin ospiter\u00e0 una <strong>Vendita Founder Seat<\/strong> per premiare i primi sostenitori. Questa vendita \u00e8 limitata ai primi <strong>5.555 investitori<\/strong> che contribuiscono con un minimo di <strong>2.500 USDT<\/strong>. Questi investitori riceveranno <strong>Founder Seat<\/strong>, riservando il 10% della fornitura totale di token per il loro esclusivo beneficio. Ogni individuo pu\u00f2 detenere un massimo di cinque posti.\n\nDetenere un Founder Seat garantisce i benefici del successo a lungo termine del progetto, indipendentemente dagli investimenti futuri. Tuttavia, per ricevere i token Founder Seat, i partecipanti devono anche investire un importo equivalente nella prevendita e detenere questi token per almeno tre mesi. Dopo questo periodo di blocco, i token Founder Seat verranno rilasciati e gli investitori saranno liberi di scambiare, vendere o detenere sia i token di prevendita che quelli Founder Seat.\n<h3>3.2. Strategia di prevendita <\/h3>\nLa prevendita verr\u00e0 condotta in pi\u00f9 fasi, con prezzi crescenti per premiare i primi investitori. L&#8217;obiettivo iniziale \u00e8 di raccogliere <strong>30 milioni di USDT<\/strong>. Una volta raggiunto questo limite, il progetto ha la possibilit\u00e0 di aumentare il limite di prevendita a <strong>75 milioni di USDT <\/strong>e successivamente a <strong>125 milioni di USDT <\/strong>se ritenuto vantaggioso per la crescita del progetto.\n<h3>3.3. Meccanismo di combustione <\/h3>\nOgni evoluzione di un animale domestico richiede una <strong>combustione di token PawCoin<\/strong>, riducendo la fornitura totale e aumentando il valore sia dei token che degli animali domestici evoluti. Questo meccanismo deflazionistico garantisce che man mano che pi\u00f9 giocatori interagiscono con la piattaforma, la scarsit\u00e0 complessiva di token aumenta, facendo aumentare il valore di mercato.\n<h3>3.4. Contributi di beneficenza <\/h3>\nPawCoin si impegna a creare un impatto sociale positivo collaborando con <strong>organizzazioni per il benessere degli animali <\/strong>in tutto il mondo. Una parte dei ricavi generati dalle <strong>commissioni di mercato, dagli eventi speciali in-game e dalle vendite di mystery box <\/strong>sar\u00e0 destinata a rifugi per animali e <strong>donazioni di beneficenza per la conservazione della fauna selvatica<\/strong>. Ci\u00f2 garantisce che PawCoin non solo fornisca valore ai suoi detentori, ma restituisca anche alla comunit\u00e0 degli animali domestici del mondo reale, sostenendo cause in linea con il suo tema e la sua visione.\n<h2>4. Meccaniche di gioco<\/h2>\n<h3>4.1. Raccolta ed evoluzione di animali domestici<\/h3>\nPawCoin introduce <strong>155 animali domestici unici<\/strong>, suddivisi in <strong>cinque livelli di rarit\u00e0<\/strong>:\n<ul>\n<li><strong>Comuni (C)<\/strong>: 50 animali domestici<\/li>\n<li><strong>Non comuni (UC)<\/strong>: 40 animali domestici<\/li>\n<li><strong>Rari (R)<\/strong>: 30 animali domestici<\/li>\n<li><strong>Epici (E)<\/strong>: 20 animali domestici<\/li>\n<li><strong>Leggendari (L)<\/strong>: 15 animali domestici<\/li>\n<\/ul>\nOgni animale domestico ha attributi, punti di forza e abilit\u00e0 unici, che li rendono risorse preziose all&#8217;interno dell&#8217;ecosistema del gioco. Gli animali domestici possono <strong>evolversi attraverso quattro fasi<\/strong> bruciando PawCoin, il che ne potenzia le abilit\u00e0 e ne modifica l&#8217;aspetto visivo.\n<h3>4.2. Guadagnare e acquisire animali domestici<\/h3>\nI giocatori possono acquisire animali domestici in diversi modi:\n<ol>\n<li><strong>Bonus Fondatore e Prevendita<\/strong>: I primi <strong>7.777 detentori<\/strong> che investono un minimo di <strong>150 USDT<\/strong> riceveranno un <strong>PawPet gratuito<\/strong>. Questa distribuzione casuale garantisce equit\u00e0, con la possibilit\u00e0 di ottenere animali domestici di qualsiasi livello di rarit\u00e0.<\/li>\n<li><strong>Scatole misteriose<\/strong>: disponibili nel PawCoin Marketplace, le scatole misteriose contengono animali domestici casuali di varia rarit\u00e0.<\/li>\n<li><strong>Sfide e battaglie<\/strong>: ottieni nuovi animali domestici completando le sfide di gioco o combattendo contro altri possessori di PawCoin nella <strong>Paw-Arena<\/strong>.<\/li>\n<\/ol>\n<h3>4.3. Trading nel Marketplace<\/h3>\nTutti gli animali domestici sono scambiabili come <strong>NFT<\/strong>nel PawCoin Marketplace. I giocatori possono acquistare, vendere o scambiare i propri animali domestici, creando un&#8217;economia dinamica guidata dalla domanda e dall&#8217;offerta.\n<h3>4.4. Paw-Arena<\/h3>\nLa <strong>Paw-Arena<\/strong> consente ai giocatori di competere tra loro, puntando PawCoin per battaglie competitive. Vincere le battaglie aumenta l&#8217;esperienza degli animali domestici, consentendo loro di evolversi pi\u00f9 velocemente e diventare pi\u00f9 preziosi.\n<h2>5. Programma di referral<\/h2>\nPawCoin implementa una <strong>strategia di referral multilivello<\/strong> per incoraggiare la crescita e gli investimenti della comunit\u00e0. Il sistema di referral funziona come segue:\n<ul>\n<li><strong>Livello 1<\/strong>: i referral diretti guadagnano il <strong>10%<\/strong> dei referral<\/li>\n<li><strong>Livello 2<\/strong>: i referral indiretti (secondo livello) guadagnano il <strong>5%<\/strong>.<\/li>\n<li><strong>Livello 3<\/strong>: i referral indiretti (terzo livello) guadagnano l&#8217;<strong>1%<\/strong>.<\/li>\n<\/ul>\nQuesta struttura premia i membri attivi della comunit\u00e0 e incentiva la diffusione della parola su PawCoin.\n<h2>6.Roadmap <\/h2>\nLo sviluppo di PawCoin \u00e8 strutturato in cinque fasi chiave:\n<h3>Fase 1:<\/h3>\n\n<ul>\n<li>Lancia PawCoin<\/li>\n<li>Inizia la <strong>vendita dei posti per i fondatori<\/strong> per stabilire una comunit\u00e0 di base<\/li>\n<\/ul>\n<h3>Fase 2:<\/h3>\n<ul>\n<li>Promuovi la <strong>prevendita<\/strong> in pi\u00f9 fasi per raccogliere un importo iniziale di <strong>30 milioni di USDT<\/strong>.<\/li>\n<\/ul>\n<h3>Fase 3:<\/h3>\n<ul>\n<li>Sviluppa il backend iniziale<\/li>\n<li>Stabilisci partnership con i principali giochi<\/li>\n<li>Promuovi una comunit\u00e0 solida attraverso il marketing e<\/li>\n<\/ul>\n<h3>Fase 4:<\/h3>\n<ul>\n<li>Elenca PawCoin su entrambi <strong>decentralizzato (DEX) <\/strong>e <strong>centralizzato (CEX) <\/strong><\/li>\n<li>Lanciare un importante marketing globale<\/li>\n<\/ul>\n<h3>Fase 5:<\/h3>\n<ul>\n<li>Sviluppare e rilasciare un&#8217;<strong>applicazione di interazione AR\/VR<\/strong>.<\/li>\n<li>Assicurarsi una <strong>posizione tra le prime 25 su CoinMarketCap<\/strong>.<\/li>\n<li>Puntare al riconoscimento globale e al mainstream<\/li>\n<\/ul>\n<h2>7. Conclusione<\/h2>\nPawCoin \u00e8 pi\u00f9 di un semplice token: \u00e8 un ecosistema che unisce gioco, investimento e creazione di comunit\u00e0. Sfruttando la tecnologia blockchain, PawCoin offre trasparenza, correttezza e il potenziale per rendimenti significativi. Con i suoi animali domestici unici, un gameplay coinvolgente e un solido meccanismo di combustione dei token, PawCoin \u00e8 pronto a diventare un leader nel settore del gioco blockchain.\n\nInoltre, l&#8217;impegno di PawCoin per le <strong>donazioni benefiche<\/strong> garantisce che ogni partecipante contribuisca anche agli sforzi per il <strong>benessere degli animali e la conservazione della fauna selvatica<\/strong>, rendendolo un progetto che fornisce valore sia finanziario che sociale. Attraverso partnership con rinomate associazioni benefiche per animali, PawCoin cerca di essere una forza positiva nella pi\u00f9 ampia comunit\u00e0 degli animali domestici, promuovendo la responsabilit\u00e0 etica insieme all&#8217;entusiasmo per il gioco.\n\n<strong>Esclusione di responsabilit\u00e0<\/strong>: questo documento \u00e8 solo per uso interno e non deve essere condiviso all&#8217;esterno del team. Tutte le informazioni sono riservate e intendono guidare la pianificazione strategica e l&#8217;esecuzione dello sviluppo di PawCoin.\t\t\t\t\t\t\t\t<\/div>\n\t\t\t\t<\/div>\n\t\t\t\t\t<\/div>\n\t\t\t\t<\/div>\n\t\t\t\t<\/div>\n\t\t","protected":false},"excerpt":{"rendered":"<p>PawCoin: Libro bianco 1. Abstract PawCoin \u00e8 un gioco di raccolta e combattimento di animali domestici basato su blockchain ispirato al concetto di Pok\u00e9mon. Consente agli utenti di collezionare, far evolvere, scambiare e combattere animali domestici unici generati dall&#8217;intelligenza artificiale attraverso un ecosistema dinamico e coinvolgente. Con la sua tokenomics, asset basati su NFT e [&hellip;]<\/p>\n","protected":false},"author":1,"featured_media":0,"parent":0,"menu_order":0,"comment_status":"closed","ping_status":"closed","template":"elementor_header_footer","meta":{"footnotes":""},"class_list":["post-5283","page","type-page","status-publish","hentry"],"_links":{"self":[{"href":"https:\/\/pawcoingame.ai\/it\/wp-json\/wp\/v2\/pages\/5283","targetHints":{"allow":["GET"]}}],"collection":[{"href":"https:\/\/pawcoingame.ai\/it\/wp-json\/wp\/v2\/pages"}],"about":[{"href":"https:\/\/pawcoingame.ai\/it\/wp-json\/wp\/v2\/types\/page"}],"author":[{"embeddable":true,"href":"https:\/\/pawcoingame.ai\/it\/wp-json\/wp\/v2\/users\/1"}],"replies":[{"embeddable":true,"href":"https:\/\/pawcoingame.ai\/it\/wp-json\/wp\/v2\/comments?post=5283"}],"version-history":[{"count":12,"href":"https:\/\/pawcoingame.ai\/it\/wp-json\/wp\/v2\/pages\/5283\/revisions"}],"predecessor-version":[{"id":5439,"href":"https:\/\/pawcoingame.ai\/it\/wp-json\/wp\/v2\/pages\/5283\/revisions\/5439"}],"wp:attachment":[{"href":"https:\/\/pawcoingame.ai\/it\/wp-json\/wp\/v2\/media?parent=5283"}],"curies":[{"name":"wp","href":"https:\/\/api.w.org\/{rel}","templated":true}]}}