{"id":5286,"date":"2024-11-04T10:09:00","date_gmt":"2024-11-04T10:09:00","guid":{"rendered":"https:\/\/pawcoingame.ai\/whitepaper\/"},"modified":"2024-11-05T08:28:11","modified_gmt":"2024-11-05T08:28:11","slug":"whitepaper","status":"publish","type":"page","link":"https:\/\/pawcoingame.ai\/pl\/whitepaper\/","title":{"rendered":"Whitepaper"},"content":{"rendered":"\t\t<div data-elementor-type=\"wp-page\" data-elementor-id=\"5286\" class=\"elementor elementor-5286 elementor-5267\">\n\t\t\t\t<div class=\"elementor-element elementor-element-f9899bd e-flex e-con-boxed e-con e-parent\" data-id=\"f9899bd\" data-element_type=\"container\" data-e-type=\"container\">\n\t\t\t\t\t<div class=\"e-con-inner\">\n\t\t\t\t<div class=\"elementor-element elementor-element-e35b966 elementor-widget__width-initial elementor-widget elementor-widget-heading\" data-id=\"e35b966\" data-element_type=\"widget\" data-e-type=\"widget\" data-widget_type=\"heading.default\">\n\t\t\t\t<div class=\"elementor-widget-container\">\n\t\t\t\t\t<h1 class=\"elementor-heading-title elementor-size-default\">PawCoin: Bia\u0142a ksi\u0119ga<\/h1>\t\t\t\t<\/div>\n\t\t\t\t<\/div>\n\t\t\t\t<div class=\"elementor-element elementor-element-9ef50f8 elementor-widget__width-initial elementor-widget elementor-widget-text-editor\" data-id=\"9ef50f8\" data-element_type=\"widget\" data-e-type=\"widget\" data-widget_type=\"text-editor.default\">\n\t\t\t\t<div class=\"elementor-widget-container\">\n\t\t\t\t\t\t\t\t\t<h2>1. Streszczenie<\/h2>\nPawCoin to oparta na blockchainie gra polegaj\u0105ca na kolekcjonowaniu zwierz\u0105t i walce, zainspirowana koncepcj\u0105 Pok\u00e9mon. Umo\u017cliwia u\u017cytkownikom kolekcjonowanie, ewoluowanie, handel i walk\u0119 z unikalnymi zwierz\u0119tami generowanymi przez AI w dynamicznym i anga\u017cuj\u0105cym ekosystemie. Dzi\u0119ki swojej tokenomice, aktywom opartym na NFT i mechanizmowi spalania, PawCoin ma na celu stworzenie modelu deflacyjnego, kt\u00f3ry zach\u0119ca do aktywnego uczestnictwa, strategicznych inwestycji i d\u0142ugoterminowego wzrostu spo\u0142eczno\u015bci.\n\nGra zawiera 155 unikalnych zwierz\u0105t o r\u00f3\u017cnych poziomach rzadko\u015bci, z kt\u00f3rych ka\u017cde ewoluuje przez cztery etapy, aby sta\u0107 si\u0119 pot\u0119\u017cniejszym i cenniejszym. Gracze mog\u0105 zdobywa\u0107 te zwierz\u0119ta poprzez zakup token\u00f3w, uczestniczy\u0107 w bitwach, aby je awansowa\u0107, i handlowa\u0107 nimi na\n\nrynku nap\u0119dzanym przez spo\u0142eczno\u015b\u0107. Wykorzystuj\u0105c technologi\u0119 blockchain, PawCoin promuje przejrzysto\u015b\u0107, uczciwo\u015b\u0107 i w\u0142asno\u015b\u0107, co czyni go potencjalnym kandydatem do statusu kultowego w sektorze gier blockchain.\n\nPawCoin stara si\u0119 r\u00f3wnie\u017c zintegrowa\u0107 <strong>darowizny charytatywne<\/strong> ze swoim rdzeniem, wsp\u00f3\u0142pracuj\u0105c z <strong>organizacjami zajmuj\u0105cymi si\u0119 dobrostanem zwierz\u0105t<\/strong> na ca\u0142ym \u015bwiecie. Cz\u0119\u015b\u0107 dochod\u00f3w z op\u0142at targowych i wydarze\u0144 specjalnych zostanie przekazana na schroniska dla zwierz\u0105t i inicjatywy ochrony przyrody. Ta integracja zapewnia, \u017ce \u200b\u200bspo\u0142eczno\u015b\u0107 PawCoin nie tylko cieszy si\u0119 satysfakcjonuj\u0105cym do\u015bwiadczeniem w grach, ale tak\u017ce przyczynia si\u0119 do pozytywnych zmian w \u015bwiecie rzeczywistym.\n<h2>2. Wprowadzenie <\/h2>\nPawCoin \u0142\u0105czy technologi\u0119 blockchain z gatunkiem gier kolekcjonerskich, aby stworzy\u0107 zr\u00f3wnowa\u017cony i anga\u017cuj\u0105cy ekosystem zar\u00f3wno dla inwestor\u00f3w, jak i graczy. Zainspirowany popularnymi grami kolekcjonerskimi, takimi jak Pok\u00e9mon, PawCoin wprowadza proceduralnie generowane zwierzaki o unikalnych atrybutach i poziomach rzadko\u015bci. Te zwierzaki mog\u0105 ewoluowa\u0107 i stawa\u0107 si\u0119 silniejsze w trakcie rozgrywki, zwi\u0119kszaj\u0105c swoj\u0105 warto\u015b\u0107 i rzadko\u015b\u0107.\n\nPawCoin to nie tylko gra, ale kompleksowy projekt spo\u0142eczno\u015bciowy ukierunkowany na d\u0142ugoterminowy wzrost. Skupia si\u0119 na budowaniu lojalnej bazy graczy, zwi\u0119kszaniu warto\u015bci rynkowej poprzez rzadko\u015b\u0107 i oferowaniu namacalnych nagr\u00f3d zar\u00f3wno dla wczesnych u\u017cytkownik\u00f3w, jak i aktywnych uczestnik\u00f3w. Ponadto <strong>PawCoin ma na celu czynienie dobra<\/strong>, przeznaczaj\u0105c cz\u0119\u015b\u0107 swoich dochod\u00f3w na wsparcie <strong>organizacji charytatywnych zajmuj\u0105cych si\u0119 zwierz\u0119tami<\/strong> i przyczyniaj\u0105c si\u0119 do <strong>dobrostanu zwierz\u0105t domowych i dzikich<\/strong>.\n<h2>3. Tokenomics <\/h2>\nPawCoin ma sta\u0142\u0105 ca\u0142kowit\u0105 poda\u017c <strong>1 000 000 000 token\u00f3w PawCoin (PAW) <\/strong>, z dok\u0142adnie opracowanym planem dystrybucji, aby zapewni\u0107 d\u0142ugoterminow\u0105 stabilno\u015b\u0107 i nagrody dla spo\u0142eczno\u015bci:\n<ul>\n<li><strong>20% Marketing &amp; Skarbiec<\/strong><\/li>\n<li><strong>10% Team<\/strong><\/li>\n<li><strong>10% Founder-Seat Sale<\/strong><\/li>\n<li><strong>25% Presale<\/strong><\/li>\n<li><strong>25% Liquidity<\/strong><\/li>\n<li><strong>10% Token Burn-Reserve<\/strong><\/li>\n<\/ul>\n<h3>3.1. Founder Seat Sale <\/h3>\nPrzed oficjaln\u0105 przedsprzeda\u017c\u0105 PawCoin zorganizuje <strong>Founder Seat Sale <\/strong>, aby nagrodzi\u0107 pierwszych zwolennik\u00f3w. Sprzeda\u017c ta jest ograniczona do pierwszych <strong>5555 inwestor\u00f3w <\/strong>, kt\u00f3rzy wp\u0142ac\u0105 minimum <strong>2500 USDT<\/strong>. Ci inwestorzy otrzymaj\u0105 <strong>Founder Seats<\/strong>, rezerwuj\u0105c 10% ca\u0142kowitej poda\u017cy token\u00f3w na wy\u0142\u0105czn\u0105 korzy\u015b\u0107. Ka\u017cda osoba mo\u017ce posiada\u0107 maksymalnie pi\u0119\u0107 miejsc.\n\nPosiadanie Founder Seat gwarantuje korzy\u015bci z d\u0142ugoterminowego sukcesu projektu, niezale\u017cnie od przysz\u0142ych inwestycji. Jednak aby otrzyma\u0107 tokeny Founder Seat, uczestnicy musz\u0105 r\u00f3wnie\u017c zainwestowa\u0107 r\u00f3wnowa\u017cn\u0105 kwot\u0119 w przedsprzeda\u017c i trzyma\u0107 te tokeny przez co najmniej trzy miesi\u0105ce. Po tym okresie blokady tokeny Founder Seat zostan\u0105 wydane, a inwestorzy b\u0119d\u0105 mogli swobodnie handlowa\u0107, sprzedawa\u0107 lub trzyma\u0107 zar\u00f3wno swoje tokeny przedsprzeda\u017cy, jak i Founder Seat.\n<h3>3.2. Strategia przedsprzeda\u017cy <\/h3>\nPrzedsprzeda\u017c b\u0119dzie prowadzona w wielu etapach, a ceny b\u0119d\u0105 ros\u0142y, aby nagrodzi\u0107 wczesnych inwestor\u00f3w. Pocz\u0105tkowym celem jest zebranie <strong>30 milion\u00f3w USDT<\/strong>. Po osi\u0105gni\u0119ciu tego limitu projekt ma mo\u017cliwo\u015b\u0107 zwi\u0119kszenia limitu przedsprzeda\u017cy do <strong>75 milion\u00f3w USDT <\/strong>, a nast\u0119pnie do <strong>125 milion\u00f3w USDT <\/strong>, je\u015bli zostanie to uznane za korzystne dla rozwoju projektu.\n<h3>3.3. Mechanizm spalania <\/h3>\nKa\u017cda ewolucja zwierzaka wymaga <strong>spalenia token\u00f3w PawCoin<\/strong>, co zmniejsza ca\u0142kowit\u0105 poda\u017c i zwi\u0119ksza warto\u015b\u0107 zar\u00f3wno token\u00f3w, jak i ewoluowanych zwierz\u0105t. Ten mechanizm deflacyjny zapewnia, \u017ce \u200b\u200bwraz ze wzrostem liczby graczy korzystaj\u0105cych z platformy, og\u00f3lny niedob\u00f3r token\u00f3w wzrasta, co podnosi warto\u015b\u0107 rynkow\u0105.\n<h3>3.4. Darowizny na cele charytatywne <\/h3>\nPawCoin zobowi\u0105zuje si\u0119 do wywierania pozytywnego wp\u0142ywu spo\u0142ecznego poprzez wsp\u00f3\u0142prac\u0119 z <strong>organizacjami zajmuj\u0105cymi si\u0119 dobrostanem zwierz\u0105t <\/strong>na ca\u0142ym \u015bwiecie. Cz\u0119\u015b\u0107 przychod\u00f3w generowanych z <strong>op\u0142at rynkowych, specjalnych wydarze\u0144 w grze i sprzeda\u017cy tajemniczych pude\u0142ek <\/strong> zostanie przekazana schroniskom dla zwierz\u0105t i <strong>darowiznami na cele charytatywne na rzecz ochrony przyrody<\/strong>. Dzi\u0119ki temu PawCoin nie tylko zapewnia warto\u015b\u0107 swoim posiadaczom, ale tak\u017ce odwdzi\u0119cza si\u0119 spo\u0142eczno\u015bci prawdziwych zwierz\u0105t domowych, wspieraj\u0105c sprawy zgodne z jego tematem i wizj\u0105.\n<h2>4. Mechanika rozgrywki <\/h2>\n<h3>4.1. Zbieranie i ewolucja zwierz\u0105t <\/h3>\nPawCoin wprowadza <strong>155 unikalnych zwierz\u0105t <\/strong>pogrupowanych w <strong>pi\u0119\u0107 poziom\u00f3w rzadko\u015bci<\/strong>:\n<ul>\n<li><strong>Pospolity (C)<\/strong>: 50 zwierz\u0105t<\/li>\n<li><strong>Niezwyk\u0142y (UC)<\/strong>: 40 zwierz\u0105t<\/li>\n<li><strong>Rzadki (R)<\/strong>: 30 zwierz\u0105t<\/li>\n<li><strong>Epicki (E)<\/strong>: 20 zwierz\u0105t<\/li>\n<li><strong>Legendarny (L)<\/strong>: 15 zwierz\u0105t<\/li>\n<\/ul>\nKa\u017cde zwierz\u0119 ma unikalne atrybuty, mocne strony i umiej\u0119tno\u015bci, co czyni je cennymi zasobami w ekosystemie gry. Zwierz\u0119ta mog\u0105 <strong>ewoluowa\u0107 przez cztery etapy<\/strong>, spalaj\u0105c PawCoins, co zwi\u0119ksza ich umiej\u0119tno\u015bci i zmienia ich wygl\u0105d.\n<h3>4.2. Zarabianie i zdobywanie zwierz\u0105t <\/h3>\nGracze mog\u0105 zdobywa\u0107 zwierz\u0119ta na kilka sposob\u00f3w:\n<ol>\n<li><strong>Bonusy za\u0142o\u017cycielskie i przedsprzeda\u017cowe<\/strong>: Pierwszych <strong>7777 posiadaczy <\/strong>, kt\u00f3rzy zainwestuj\u0105 minimum <strong>150 USDT <\/strong>, otrzyma <strong>darmowego PawPet<\/strong>. Ta losowa dystrybucja zapewnia uczciwo\u015b\u0107, z szans\u0105 na zdobycie zwierz\u0105t o dowolnym poziomie rzadko\u015bci.<\/li>\n<li><strong>Mystery Boxes<\/strong>: Dost\u0119pne w PawCoin Marketplace, tajemnicze pude\u0142ka zawieraj\u0105 losowe zwierz\u0119ta o r\u00f3\u017cnej rzadko\u015bci.<\/li>\n<li><strong>Wyzwania i bitwy<\/strong>: Zdobywaj nowe zwierz\u0119ta, wykonuj\u0105c wyzwania w grze lub walcz\u0105c z innymi posiadaczami PawCoin na <strong>Paw-Arena<\/strong>.<\/li>\n<\/ol>\n<h3>4.3. Handel na rynku <\/h3>\nWszystkie zwierz\u0119ta mo\u017cna handlowa\u0107 jako <strong>NFT <\/strong> na PawCoin Marketplace. Gracze mog\u0105 kupowa\u0107, sprzedawa\u0107 lub wymienia\u0107 swoje zwierz\u0119ta, tworz\u0105c dynamiczn\u0105 gospodark\u0119 nap\u0119dzan\u0105 poda\u017c\u0105 i popytem.\n<h3>4.4. Paw-Arena <\/h3>\n<strong>Paw-Arena <\/strong>pozwala graczom rywalizowa\u0107 ze sob\u0105, stawiaj\u0105c PawCoins na konkurencyjne bitwy. Wygrywanie bitew zwi\u0119ksza do\u015bwiadczenie zwierz\u0105t, pozwalaj\u0105c im rozwija\u0107 si\u0119 szybciej i stawa\u0107 si\u0119 bardziej warto\u015bciowymi.\n<h2>5. Program polece\u0144 <\/h2>\nPawCoin wdra\u017ca <strong>wielopoziomow\u0105 strategi\u0119 polece\u0144 <\/strong>, aby zach\u0119ci\u0107 spo\u0142eczno\u015b\u0107 do rozwoju i inwestycji. System polece\u0144 dzia\u0142a w nast\u0119puj\u0105cy spos\u00f3b:\n<ul>\n<li><strong>Poziom 1<\/strong>: Bezpo\u015brednie polecenia zarabiaj\u0105 <strong>10% <\/strong>polecenia<\/li>\n<li><strong>Poziom 2<\/strong>: Po\u015brednie polecenia (drugi poziom) zarabiaj\u0105 <strong>5%<\/strong>.<\/li>\n<li><strong>Poziom 3<\/strong>: Po\u015brednie polecenia (trzeci poziom) zarabiaj\u0105 <strong>1%<\/strong>.<\/li>\n<\/ul>\nTa struktura nagradza aktywnych cz\u0142onk\u00f3w spo\u0142eczno\u015bci i zach\u0119ca do rozpowszechniania informacji o PawCoin.\n<h2>6. Mapa drogowa <\/h2>\nRozw\u00f3j PawCoin jest podzielony na pi\u0119\u0107 kluczowych faz:\n<h3>Faza 1: <\/h3>\n\n<ul>\n<li>Wprowadzenie PawCoin<\/li>\n<li>Rozpocz\u0119cie <strong>sprzeda\u017cy miejsc dla za\u0142o\u017cycieli<\/strong> w celu utworzenia spo\u0142eczno\u015bci bazowej<\/li>\n<\/ul>\n<h3>Faza 2:<\/h3>\n<ul>\n<li>Promowanie <strong>przedsprzeda\u017cy<\/strong> na wielu etapach w celu zebrania pocz\u0105tkowych <strong>30 milion\u00f3w USDT<\/strong>.<\/li>\n<\/ul>\n<h3>Faza 3: <\/h3>\n<ul>\n<li>Opracowanie pocz\u0105tkowego zaplecza<\/li>\n<li>Nawi\u0105zanie partnerstw z g\u0142\u00f3wnymi firmami zajmuj\u0105cymi si\u0119 grami<\/li>\n<li>Wspieranie silnej spo\u0142eczno\u015bci poprzez marketing i<\/li>\n<\/ul>\n<h3>Faza 4: <\/h3>\n<ul>\n<li>Umie\u015b\u0107 PawCoin na <strong>zdecentralizowanych (DEX)<\/strong> i <strong>zcentralizowanych (CEX)<\/strong><\/li>\n<li>Uruchomienie du\u017cego globalnego marketingu<\/li>\n<\/ul>\n<h3>Faza 5: <\/h3>\n<ul>\n<li>Opracowanie i wydanie <strong>aplikacji do interakcji AR\/VR<\/strong>.<\/li>\n<li>Zabezpieczenie <strong>pozycji w pierwszej 25 na CoinMarketCap<\/strong>.<\/li>\n<li>D\u0105\u017cenie do globalnego uznania i g\u0142\u00f3wnego nurtu<\/li>\n<\/ul>\n<h2>7. Wniosek <\/h2>\nPawCoin to co\u015b wi\u0119cej ni\u017c tylko token \u2014 to ekosystem \u0142\u0105cz\u0105cy gry, inwestycje i budowanie spo\u0142eczno\u015bci. Wykorzystuj\u0105c technologi\u0119 blockchain, PawCoin oferuje przejrzysto\u015b\u0107, uczciwo\u015b\u0107 i potencja\u0142 znacznych zwrot\u00f3w. Dzi\u0119ki swoim wyj\u0105tkowym zwierz\u0119tom, anga\u017cuj\u0105cej rozgrywce i solidnemu mechanizmowi spalania token\u00f3w, PawCoin jest gotowy, aby sta\u0107 si\u0119 liderem w bran\u017cy gier blockchain.\n\nPonadto zaanga\u017cowanie PawCoin w <strong>darowizny charytatywne<\/strong> zapewnia, \u017ce \u200b\u200bka\u017cdy uczestnik przyczynia si\u0119 r\u00f3wnie\u017c do <strong>dobrostanu zwierz\u0105t i ochrony przyrody<\/strong>, dzi\u0119ki czemu jest to projekt, kt\u00f3ry zapewnia zar\u00f3wno warto\u015b\u0107 finansow\u0105, jak i spo\u0142eczn\u0105. Poprzez partnerstwa z renomowanymi organizacjami charytatywnymi zajmuj\u0105cymi si\u0119 zwierz\u0119tami, PawCoin stara si\u0119 by\u0107 pozytywn\u0105 si\u0142\u0105 w szerszej spo\u0142eczno\u015bci zwierz\u0105t domowych, promuj\u0105c odpowiedzialno\u015b\u0107 etyczn\u0105 obok emocji zwi\u0105zanych z grami.\n\n<strong>Zrzeczenie si\u0119 odpowiedzialno\u015bci<\/strong>: Niniejszy dokument jest przeznaczony wy\u0142\u0105cznie do u\u017cytku wewn\u0119trznego i nie powinien by\u0107 udost\u0119pniany poza zespo\u0142em. Wszystkie informacje s\u0105 poufne i maj\u0105 na celu kierowanie strategicznym planowaniem i realizacj\u0105 rozwoju PawCoin.\t\t\t\t\t\t\t\t<\/div>\n\t\t\t\t<\/div>\n\t\t\t\t\t<\/div>\n\t\t\t\t<\/div>\n\t\t\t\t<\/div>\n\t\t","protected":false},"excerpt":{"rendered":"<p>PawCoin: Bia\u0142a ksi\u0119ga 1. Streszczenie PawCoin to oparta na blockchainie gra polegaj\u0105ca na kolekcjonowaniu zwierz\u0105t i walce, zainspirowana koncepcj\u0105 Pok\u00e9mon. Umo\u017cliwia u\u017cytkownikom kolekcjonowanie, ewoluowanie, handel i walk\u0119 z unikalnymi zwierz\u0119tami generowanymi przez AI w dynamicznym i anga\u017cuj\u0105cym ekosystemie. Dzi\u0119ki swojej tokenomice, aktywom opartym na NFT i mechanizmowi spalania, PawCoin ma na celu stworzenie modelu deflacyjnego, [&hellip;]<\/p>\n","protected":false},"author":1,"featured_media":0,"parent":0,"menu_order":0,"comment_status":"closed","ping_status":"closed","template":"elementor_header_footer","meta":{"footnotes":""},"class_list":["post-5286","page","type-page","status-publish","hentry"],"_links":{"self":[{"href":"https:\/\/pawcoingame.ai\/pl\/wp-json\/wp\/v2\/pages\/5286","targetHints":{"allow":["GET"]}}],"collection":[{"href":"https:\/\/pawcoingame.ai\/pl\/wp-json\/wp\/v2\/pages"}],"about":[{"href":"https:\/\/pawcoingame.ai\/pl\/wp-json\/wp\/v2\/types\/page"}],"author":[{"embeddable":true,"href":"https:\/\/pawcoingame.ai\/pl\/wp-json\/wp\/v2\/users\/1"}],"replies":[{"embeddable":true,"href":"https:\/\/pawcoingame.ai\/pl\/wp-json\/wp\/v2\/comments?post=5286"}],"version-history":[{"count":12,"href":"https:\/\/pawcoingame.ai\/pl\/wp-json\/wp\/v2\/pages\/5286\/revisions"}],"predecessor-version":[{"id":5430,"href":"https:\/\/pawcoingame.ai\/pl\/wp-json\/wp\/v2\/pages\/5286\/revisions\/5430"}],"wp:attachment":[{"href":"https:\/\/pawcoingame.ai\/pl\/wp-json\/wp\/v2\/media?parent=5286"}],"curies":[{"name":"wp","href":"https:\/\/api.w.org\/{rel}","templated":true}]}}