{"id":5287,"date":"2024-11-04T10:09:00","date_gmt":"2024-11-04T10:09:00","guid":{"rendered":"https:\/\/pawcoingame.ai\/whitepaper\/"},"modified":"2024-11-05T08:28:08","modified_gmt":"2024-11-05T08:28:08","slug":"whitepaper","status":"publish","type":"page","link":"https:\/\/pawcoingame.ai\/pt-pt\/whitepaper\/","title":{"rendered":"Whitepaper"},"content":{"rendered":"\t\t<div data-elementor-type=\"wp-page\" data-elementor-id=\"5287\" class=\"elementor elementor-5287 elementor-5267\">\n\t\t\t\t<div class=\"elementor-element elementor-element-f9899bd e-flex e-con-boxed e-con e-parent\" data-id=\"f9899bd\" data-element_type=\"container\" data-e-type=\"container\">\n\t\t\t\t\t<div class=\"e-con-inner\">\n\t\t\t\t<div class=\"elementor-element elementor-element-e35b966 elementor-widget__width-initial elementor-widget elementor-widget-heading\" data-id=\"e35b966\" data-element_type=\"widget\" data-e-type=\"widget\" data-widget_type=\"heading.default\">\n\t\t\t\t<div class=\"elementor-widget-container\">\n\t\t\t\t\t<h1 class=\"elementor-heading-title elementor-size-default\">PawCoin: Artigo T\u00e9cnico<\/h1>\t\t\t\t<\/div>\n\t\t\t\t<\/div>\n\t\t\t\t<div class=\"elementor-element elementor-element-9ef50f8 elementor-widget__width-initial elementor-widget elementor-widget-text-editor\" data-id=\"9ef50f8\" data-element_type=\"widget\" data-e-type=\"widget\" data-widget_type=\"text-editor.default\">\n\t\t\t\t<div class=\"elementor-widget-container\">\n\t\t\t\t\t\t\t\t\t<h2>1. Resumo<\/h2>\nPawCoin \u00e9 uma cole\u00e7\u00e3o de animais de estima\u00e7\u00e3o e um jogo de batalha baseado em blockchain inspirado no conceito Pok\u00e9mon. Permite aos utilizadores recolher, evoluir, negociar e lutar contra animais de estima\u00e7\u00e3o exclusivos gerados por IA atrav\u00e9s de um ecossistema din\u00e2mico e envolvente. Com a sua tokenomics, ativos baseados em NFT e um mecanismo de queima, a PawCoin pretende criar um modelo deflacionista que incentive a participa\u00e7\u00e3o ativa, o investimento estrat\u00e9gico e o crescimento da comunidade a longo prazo.\n\nO jogo apresenta 155 animais de estima\u00e7\u00e3o \u00fanicos em v\u00e1rios n\u00edveis de raridade, cada um evoluindo atrav\u00e9s de quatro fases para se tornarem mais poderosos e valiosos. Os jogadores podem adquirir estes animais de estima\u00e7\u00e3o atrav\u00e9s de compras de tokens, participar em batalhas para os aumentar de n\u00edvel e troc\u00e1-los num\n\nmercado orientado para a comunidade. Ao alavancar a tecnologia blockchain, a PawCoin promove a transpar\u00eancia, a justi\u00e7a e a propriedade, tornando-a um potencial candidato ao estatuto de culto no setor dos jogos blockchain.\n\nA PawCoin procura tamb\u00e9m integrar <strong>contribui\u00e7\u00f5es de caridade<\/strong>no seu n\u00facleo, fazendo parcerias com <strong>organiza\u00e7\u00f5es de bem-estar animal<\/strong>em todo o mundo. Uma parte dos rendimentos provenientes das taxas de mercado e de eventos especiais ser\u00e1 doada a abrigos de animais e a iniciativas de conserva\u00e7\u00e3o da vida selvagem. Esta integra\u00e7\u00e3o garante que a comunidade PawCoin n\u00e3o s\u00f3 desfruta de uma experi\u00eancia de jogo gratificante, como tamb\u00e9m contribui para mudan\u00e7as positivas no mundo real.\n<h2>2. Introdu\u00e7\u00e3o<\/h2>\nA PawCoin combina a tecnologia blockchain com o g\u00e9nero de jogos colecion\u00e1veis \u200b\u200bpara criar um ecossistema sustent\u00e1vel e envolvente para investidores e jogadores. Inspirado em jogos colecion\u00e1veis \u200b\u200bpopulares como Pok\u00e9mon, PawCoin apresenta animais de estima\u00e7\u00e3o gerados de forma procedural com atributos \u00fanicos e n\u00edveis de raridade. Estes animais de estima\u00e7\u00e3o podem evoluir e tornar-se mais fortes durante o jogo, aumentando o seu valor e escassez.\n\nO PawCoin n\u00e3o \u00e9 apenas um jogo, mas um projeto comunit\u00e1rio abrangente que visa o crescimento a longo prazo. O foco est\u00e1 na constru\u00e7\u00e3o de uma base de jogadores leais, gerando valor de mercado atrav\u00e9s da escassez e oferecendo recompensas tang\u00edveis tanto para os utilizadores iniciais como para os participantes ativos. Al\u00e9m disso, a <strong>PawCoin pretende ser uma for\u00e7a para o bem <\/strong>, utilizando parte das suas receitas para apoiar <strong>institui\u00e7\u00f5es de caridade para animais <\/strong> e contribuir para o <strong>bem-estar dos animais de estima\u00e7\u00e3o e da vida selvagem<\/strong>.\n<h2>3. Tokenomia<\/h2>\nA PawCoin tem um fornecimento total fixo de <strong>1.000.000.000 de tokens PawCoin (PAW) <\/strong>, com um plano de distribui\u00e7\u00e3o cuidadosamente estruturado para garantir a sustentabilidade a longo prazo e recompensas para a comunidade:\n<ul>\n \t<li><strong>20% Marketing e Marketing Tesouro<\/strong><\/li>\n \t<li><strong>10% Equipa<\/strong><\/li>\n \t<li><strong>Promo\u00e7\u00e3o de 10% para o lugar de fundador<\/strong><\/li>\n \t<li><strong>Pr\u00e9-venda de 25%<\/strong><\/li>\n \t<li><strong>25% de liquidez<\/strong><\/li>\n \t<li><strong>Reserva para queima de token de 10%<\/strong><\/li>\n<\/ul>\n<h3>3.1. Venda de vaga de fundador<\/h3>\nAntes da pr\u00e9-venda oficial, a PawCoin realizar\u00e1 uma <strong>Venda de Assentos de Fundador<\/strong>para recompensar os primeiros apoiantes. Esta venda est\u00e1 limitada aos primeiros <strong>5.555 investidores <\/strong>que contribuam com um m\u00ednimo de <strong>2.500 USDT<\/strong>. Estes investidores receber\u00e3o <strong>Assentos de Fundador<\/strong>, reservando 10% do fornecimento total de tokens para seu benef\u00edcio exclusivo. Cada indiv\u00edduo pode ocupar um m\u00e1ximo de cinco lugares.\n\nManter um lugar de fundador garante benef\u00edcios do sucesso do projeto a longo prazo, independentemente dos investimentos futuros. No entanto, para receber tokens Founder Seat, os participantes devem tamb\u00e9m investir um montante equivalente na pr\u00e9-venda e manter esses tokens durante pelo menos tr\u00eas meses. Ap\u00f3s este per\u00edodo de bloqueio, os tokens do Assento do Fundador ser\u00e3o libertados e os investidores estar\u00e3o livres para negociar, vender ou manter os seus tokens de pr\u00e9-venda e do Assento do Fundador.\n<h3>3.2. Estrat\u00e9gia de pr\u00e9-venda<\/h3>\nA pr\u00e9-venda ser\u00e1 realizada em m\u00faltiplas etapas, com pre\u00e7os crescentes para recompensar os primeiros investidores. O objetivo inicial \u00e9 angariar <strong>30 milh\u00f5es de USDT<\/strong>. Quando este limite for atingido, o projeto ter\u00e1 a op\u00e7\u00e3o de aumentar o limite de pr\u00e9-venda para <strong>75 milh\u00f5es de USDT <\/strong> e posteriormente para <strong>125 milh\u00f5es de USDT <\/strong>se for considerado ben\u00e9fico para o crescimento do projeto.\n<h3>3.3. Mecanismo de queima<\/h3>\nCada evolu\u00e7\u00e3o de animais de estima\u00e7\u00e3o requer uma <strong>queima de tokens PawCoin<\/strong>, reduzindo o fornecimento total e aumentando o valor tanto dos tokens como dos animais de estima\u00e7\u00e3o evolu\u00eddos. Este mecanismo deflacion\u00e1rio garante que \u00e0 medida que mais jogadores se envolvem com a plataforma, a escassez geral de tokens aumenta, aumentando o valor de mercado.\n<h3>3.4. Contribui\u00e7\u00f5es de caridade<\/h3>\nA PawCoin est\u00e1 empenhada em causar um impacto social positivo atrav\u00e9s de parcerias com <strong>organiza\u00e7\u00f5es de bem-estar animal <\/strong>em todo o mundo. Uma parte das receitas geradas pelas <strong>taxas do mercado, eventos especiais no jogo e vendas de caixas mist\u00e9rio <\/strong>ser\u00e3o alocadas a abrigos de animais e <strong>doa\u00e7\u00f5es de caridade para a conserva\u00e7\u00e3o da vida selvagem<\/strong>. Isto garante que a PawCoin n\u00e3o s\u00f3 acrescenta valor aos seus detentores, como tamb\u00e9m retribui \u00e0 comunidade de animais de estima\u00e7\u00e3o do mundo real, apoiando causas alinhadas com o seu tema e vis\u00e3o.\n<h2>4. Mec\u00e2nica de jogo<\/h2>\n<h3>4.1. Recolha e evolu\u00e7\u00e3o de animais de companhia<\/h3>\nPawCoin apresenta <strong>155 animais de estima\u00e7\u00e3o \u00fanicos <\/strong>categorizados em <strong>cinco n\u00edveis de raridade<\/strong>:\n<ul>\n \t<li><strong>Comum (C)<\/strong>: 50 animais de estima\u00e7\u00e3o<\/li>\n \t<li><strong>Invulgar (UC)<\/strong>: 40 animais de estima\u00e7\u00e3o<\/li>\n \t<li><strong>Raro (R)<\/strong>: 30 animais de estima\u00e7\u00e3o<\/li>\n \t<li><strong>\u00c9pico (E)<\/strong>: 20 animais de estima\u00e7\u00e3o<\/li>\n \t<li><strong>Lend\u00e1rio (L)<\/strong>: 15 animais de estima\u00e7\u00e3o<\/li>\n<\/ul>\nCada animal de estima\u00e7\u00e3o possui atributos, pontos fortes e habilidades \u00fanicos, tornando-os ativos valiosos dentro do ecossistema do jogo. Os animais de estima\u00e7\u00e3o podem <strong>evoluir atrav\u00e9s de quatro fases <\/strong>queimando PawCoins, o que melhora as suas capacidades e altera a sua apar\u00eancia visual.\n<h3>4.2. Ganhar e adquirir animais de estima\u00e7\u00e3o<\/h3>\nOs jogadores podem adquirir animais de estima\u00e7\u00e3o de v\u00e1rias formas:\n<ol>\n \t<li><strong>B\u00f3nus de fundador e de pr\u00e9-venda<\/strong>: Os primeiros <strong>7.777 titulares <\/strong>que investirem um m\u00ednimo de <strong>150 USDT <\/strong> receber\u00e3o um <strong>PawPet <\/strong> gr\u00e1tis &gt;. Esta distribui\u00e7\u00e3o aleat\u00f3ria garante justi\u00e7a, com a hip\u00f3tese de obter animais de estima\u00e7\u00e3o de qualquer n\u00edvel de raridade.<\/li>\n \t<li><strong>Caixas mist\u00e9rio<\/strong>: dispon\u00edveis no PawCoin Marketplace, as caixas mist\u00e9rio cont\u00eam animais de estima\u00e7\u00e3o aleat\u00f3rios de raridade variada.<\/li>\n \t<li><strong>Desafios e Batalhas<\/strong>: Ganha novos animais de estima\u00e7\u00e3o ao completar desafios no jogo ou ao lutar contra outros portadores de PawCoin na <strong>Paw-Arena<\/strong>.<\/li>\n<\/ol>\n<h3>4.3. Negocia\u00e7\u00e3o no mercado<\/h3>\nTodos os animais de estima\u00e7\u00e3o podem ser negociados como <strong>NFTs <\/strong>no PawCoin Marketplace. Os jogadores podem comprar, vender ou trocar os seus animais de estima\u00e7\u00e3o, criando uma economia vibrante impulsionada pela oferta e pela procura.\n<h3>4.4. Paw-Arena<\/h3>\nA <strong>Paw-Arena<\/strong>permite aos jogadores competir entre si, apostando PawCoins em batalhas competitivas. Vencer batalhas aumenta a experi\u00eancia dos animais de estima\u00e7\u00e3o, permitindo que evoluam mais rapidamente e se tornem mais valiosos.\n<h2>5. Programa de indica\u00e7\u00e3o<\/h2>\nA PawCoin implementa uma <strong>estrat\u00e9gia de refer\u00eancia multin\u00edvel <\/strong>para incentivar o crescimento e o investimento da comunidade. O sistema de refer\u00eancia funciona da seguinte forma:\n<ul>\n \t<li><strong>N\u00edvel 1<\/strong>: as indica\u00e7\u00f5es diretas ganham <strong>10% <\/strong>das indica\u00e7\u00f5es<\/li>\n \t<li><strong>N\u00edvel 2<\/strong>: as indica\u00e7\u00f5es indiretas (segundo n\u00edvel) ganham <strong>5%<\/strong>.<\/li>\n \t<li><strong>N\u00edvel 3<\/strong>: as indica\u00e7\u00f5es indiretas (terceiro n\u00edvel) ganham <strong>1%<\/strong>.<\/li>\n<\/ul>\nEsta estrutura recompensa os membros ativos da comunidade e incentiva a divulga\u00e7\u00e3o da PawCoin.\n<h2>6. Roteiro<\/h2>\nO desenvolvimento da PawCoin est\u00e1 estruturado em cinco fases principais:\n<h3>Fase 1:<\/h3>\n<ul>\n \t<li>Lan\u00e7ar o PawCoin<\/li>\n \t<li>Iniciar a <strong>venda de vagas de fundador <\/strong>para estabelecer uma comunidade central<\/li>\n<\/ul>\n<h3>Fase 2:<\/h3>\n<ul>\n \t<li>Promova a <strong>pr\u00e9-venda <\/strong>em v\u00e1rias fases para angariar <strong>30 milh\u00f5es de USDT<\/strong> iniciais.<\/li>\n<\/ul>\n<h3>Fase 3:<\/h3>\n<ul>\n \t<li>Desenvolver back-end inicial<\/li>\n \t<li>Estabelecer parcerias com grandes jogos<\/li>\n \t<li>Promover uma comunidade robusta atrav\u00e9s do marketing e<\/li>\n<\/ul>\n<h3>Fase 4:<\/h3>\n<ul>\n \t<li>Listar o PawCoin em <strong>descentralizado (DEX) <\/strong>e <strong>centralizado (CEX) <\/strong><\/li>\n \t<li>Lan\u00e7ar um importante marketing global<\/li>\n<\/ul>\n<h3>Fase 5:<\/h3>\n<ul>\n \t<li>Desenvolver e lan\u00e7ar uma <strong>aplica\u00e7\u00e3o de intera\u00e7\u00e3o AR\/VR<\/strong>.<\/li>\n \t<li>Garanta uma <strong>posi\u00e7\u00e3o entre os 25 primeiros no CoinMarketCap<\/strong>.<\/li>\n \t<li>Procurar o reconhecimento global e mainstream<\/li>\n<\/ul>\n<h2>7. Conclus\u00e3o<\/h2>\nO PawCoin \u00e9 mais do que apenas um token \u2013 \u00e9 um ecossistema que combina jogos, investimento e constru\u00e7\u00e3o de comunidades. Ao alavancar a tecnologia blockchain, a PawCoin oferece transpar\u00eancia, justi\u00e7a e potencial para retornos significativos. Com os seus animais de estima\u00e7\u00e3o \u00fanicos, jogabilidade envolvente e um mecanismo robusto de queima de tokens, a PawCoin est\u00e1 preparada para se tornar l\u00edder na ind\u00fastria de jogos blockchain.\n\nAl\u00e9m disso, o compromisso da PawCoin com <strong>doa\u00e7\u00f5es de caridade<\/strong>garante que cada participante tamb\u00e9m contribua para os esfor\u00e7os de <strong>bem-estar animal e conserva\u00e7\u00e3o da vida selvagem<\/strong>, tornando-o um projeto que proporciona valor financeiro e social. Atrav\u00e9s de parcerias com institui\u00e7\u00f5es de caridade de renome para animais, a PawCoin procura ser uma for\u00e7a positiva na comunidade mais ampla de animais de estima\u00e7\u00e3o, promovendo a responsabilidade \u00e9tica juntamente com a emo\u00e7\u00e3o do jogo.\n\n<strong>Isen\u00e7\u00e3o de responsabilidade<\/strong>: Este documento \u00e9 apenas para uso interno e n\u00e3o deve ser partilhado fora da equipa. Todas as informa\u00e7\u00f5es s\u00e3o confidenciais e t\u00eam como objetivo orientar o planeamento estrat\u00e9gico e a execu\u00e7\u00e3o do desenvolvimento da PawCoin.\t\t\t\t\t\t\t\t<\/div>\n\t\t\t\t<\/div>\n\t\t\t\t\t<\/div>\n\t\t\t\t<\/div>\n\t\t\t\t<\/div>\n\t\t","protected":false},"excerpt":{"rendered":"<p>PawCoin: Artigo T\u00e9cnico 1. Resumo PawCoin \u00e9 uma cole\u00e7\u00e3o de animais de estima\u00e7\u00e3o e um jogo de batalha baseado em blockchain inspirado no conceito Pok\u00e9mon. Permite aos utilizadores recolher, evoluir, negociar e lutar contra animais de estima\u00e7\u00e3o exclusivos gerados por IA atrav\u00e9s de um ecossistema din\u00e2mico e envolvente. Com a sua tokenomics, ativos baseados em [&hellip;]<\/p>\n","protected":false},"author":1,"featured_media":0,"parent":0,"menu_order":0,"comment_status":"closed","ping_status":"closed","template":"elementor_header_footer","meta":{"footnotes":""},"class_list":["post-5287","page","type-page","status-publish","hentry"],"_links":{"self":[{"href":"https:\/\/pawcoingame.ai\/pt-pt\/wp-json\/wp\/v2\/pages\/5287","targetHints":{"allow":["GET"]}}],"collection":[{"href":"https:\/\/pawcoingame.ai\/pt-pt\/wp-json\/wp\/v2\/pages"}],"about":[{"href":"https:\/\/pawcoingame.ai\/pt-pt\/wp-json\/wp\/v2\/types\/page"}],"author":[{"embeddable":true,"href":"https:\/\/pawcoingame.ai\/pt-pt\/wp-json\/wp\/v2\/users\/1"}],"replies":[{"embeddable":true,"href":"https:\/\/pawcoingame.ai\/pt-pt\/wp-json\/wp\/v2\/comments?post=5287"}],"version-history":[{"count":12,"href":"https:\/\/pawcoingame.ai\/pt-pt\/wp-json\/wp\/v2\/pages\/5287\/revisions"}],"predecessor-version":[{"id":5427,"href":"https:\/\/pawcoingame.ai\/pt-pt\/wp-json\/wp\/v2\/pages\/5287\/revisions\/5427"}],"wp:attachment":[{"href":"https:\/\/pawcoingame.ai\/pt-pt\/wp-json\/wp\/v2\/media?parent=5287"}],"curies":[{"name":"wp","href":"https:\/\/api.w.org\/{rel}","templated":true}]}}